{"id":969,"date":"2019-09-18T19:05:53","date_gmt":"2019-09-18T19:05:53","guid":{"rendered":"http:\/\/von-der-gehlenbieke.com\/?page_id=969"},"modified":"2023-09-06T18:41:59","modified_gmt":"2023-09-06T18:41:59","slug":"export","status":"publish","type":"page","link":"http:\/\/von-der-gehlenbieke.com\/?page_id=969","title":{"rendered":"Export"},"content":{"rendered":"\n<p><\/p>\n\n\n\n<hr class=\"wp-block-separator\"\/>\n\n\n\n<h3>Alisea von der Gehlen Bieke<\/h3>\n\n\n\n<p>CH Alisea von der Gehlen Bieke, amber silber blotched tabby white<br>Lebt bei Diana Furtado in Buenos Aires, Argentinien, Cattery Coraz\u00f3n Salvaj\u00e9.<br><strong><strong>Vater:&nbsp;IC Gustav aus Broetzingen in der seltenen Farbe amber smoke&nbsp;<br>Mutter:&nbsp;Lieselotte av Tromsoe in amber-tabby-white.<\/strong><\/strong><\/p>\n\n\n\n<figure class=\"wp-block-image\"><a href=\"http:\/\/www.bosquesdenoruega.com\/\" target=\"_blank\" rel=\"noreferrer noopener\"><img loading=\"lazy\" width=\"406\" height=\"60\" src=\"http:\/\/von-der-gehlenbieke.com\/wp-content\/uploads\/2019\/09\/banner_corazon_salvaje.jpg\" alt=\"\" class=\"wp-image-986\" srcset=\"http:\/\/von-der-gehlenbieke.com\/wp-content\/uploads\/2019\/09\/banner_corazon_salvaje.jpg 406w, http:\/\/von-der-gehlenbieke.com\/wp-content\/uploads\/2019\/09\/banner_corazon_salvaje-300x44.jpg 300w\" sizes=\"(max-width: 406px) 100vw, 406px\" \/><\/a><\/figure>\n\n\n\n<figure class=\"wp-block-gallery columns-3 is-cropped\"><ul class=\"blocks-gallery-grid\"><li class=\"blocks-gallery-item\"><figure><img loading=\"lazy\" width=\"240\" height=\"180\" src=\"http:\/\/von-der-gehlenbieke.com\/wp-content\/uploads\/2020\/01\/alisea01.jpg\" alt=\"\" data-id=\"1063\" data-link=\"http:\/\/von-der-gehlenbieke.com\/?attachment_id=1063\" class=\"wp-image-1063\" srcset=\"http:\/\/von-der-gehlenbieke.com\/wp-content\/uploads\/2020\/01\/alisea01.jpg 240w, http:\/\/von-der-gehlenbieke.com\/wp-content\/uploads\/2020\/01\/alisea01-120x90.jpg 120w\" sizes=\"(max-width: 240px) 100vw, 240px\" \/><\/figure><\/li><li class=\"blocks-gallery-item\"><figure><img loading=\"lazy\" width=\"199\" height=\"180\" src=\"http:\/\/von-der-gehlenbieke.com\/wp-content\/uploads\/2020\/01\/alisea02.jpg\" alt=\"\" data-id=\"1064\" data-link=\"http:\/\/von-der-gehlenbieke.com\/?attachment_id=1064\" class=\"wp-image-1064\"\/><\/figure><\/li><li class=\"blocks-gallery-item\"><figure><img loading=\"lazy\" width=\"313\" height=\"180\" src=\"http:\/\/von-der-gehlenbieke.com\/wp-content\/uploads\/2020\/05\/Cattery_Corazon_09.jpg\" alt=\"\" data-id=\"1921\" data-link=\"http:\/\/von-der-gehlenbieke.com\/?attachment_id=1921\" class=\"wp-image-1921\" srcset=\"http:\/\/von-der-gehlenbieke.com\/wp-content\/uploads\/2020\/05\/Cattery_Corazon_09.jpg 313w, http:\/\/von-der-gehlenbieke.com\/wp-content\/uploads\/2020\/05\/Cattery_Corazon_09-300x173.jpg 300w\" sizes=\"(max-width: 313px) 100vw, 313px\" \/><\/figure><\/li><li class=\"blocks-gallery-item\"><figure><img loading=\"lazy\" width=\"240\" height=\"180\" src=\"http:\/\/von-der-gehlenbieke.com\/wp-content\/uploads\/2020\/05\/Cattery_Corazon_08.jpg\" alt=\"\" data-id=\"1922\" data-link=\"http:\/\/von-der-gehlenbieke.com\/?attachment_id=1922\" class=\"wp-image-1922\" srcset=\"http:\/\/von-der-gehlenbieke.com\/wp-content\/uploads\/2020\/05\/Cattery_Corazon_08.jpg 240w, http:\/\/von-der-gehlenbieke.com\/wp-content\/uploads\/2020\/05\/Cattery_Corazon_08-120x90.jpg 120w\" sizes=\"(max-width: 240px) 100vw, 240px\" \/><\/figure><\/li><li class=\"blocks-gallery-item\"><figure><img loading=\"lazy\" width=\"190\" height=\"180\" src=\"http:\/\/von-der-gehlenbieke.com\/wp-content\/uploads\/2020\/05\/Cattery_Corazon_07.jpg\" alt=\"\" data-id=\"1923\" data-link=\"http:\/\/von-der-gehlenbieke.com\/?attachment_id=1923\" class=\"wp-image-1923\"\/><\/figure><\/li><li class=\"blocks-gallery-item\"><figure><img loading=\"lazy\" width=\"199\" height=\"180\" src=\"http:\/\/von-der-gehlenbieke.com\/wp-content\/uploads\/2020\/05\/Cattery_Corazon_06.jpg\" alt=\"\" data-id=\"1924\" data-link=\"http:\/\/von-der-gehlenbieke.com\/?attachment_id=1924\" class=\"wp-image-1924\"\/><\/figure><\/li><li class=\"blocks-gallery-item\"><figure><img loading=\"lazy\" width=\"240\" height=\"180\" src=\"http:\/\/von-der-gehlenbieke.com\/wp-content\/uploads\/2020\/05\/Cattery_Corazon_05.jpg\" alt=\"\" data-id=\"1925\" data-link=\"http:\/\/von-der-gehlenbieke.com\/?attachment_id=1925\" class=\"wp-image-1925\" srcset=\"http:\/\/von-der-gehlenbieke.com\/wp-content\/uploads\/2020\/05\/Cattery_Corazon_05.jpg 240w, http:\/\/von-der-gehlenbieke.com\/wp-content\/uploads\/2020\/05\/Cattery_Corazon_05-120x90.jpg 120w\" sizes=\"(max-width: 240px) 100vw, 240px\" \/><\/figure><\/li><li class=\"blocks-gallery-item\"><figure><img loading=\"lazy\" width=\"240\" height=\"180\" src=\"http:\/\/von-der-gehlenbieke.com\/wp-content\/uploads\/2020\/05\/Cattery_Corazon_10.jpg\" alt=\"\" data-id=\"1920\" data-link=\"http:\/\/von-der-gehlenbieke.com\/?attachment_id=1920\" class=\"wp-image-1920\" srcset=\"http:\/\/von-der-gehlenbieke.com\/wp-content\/uploads\/2020\/05\/Cattery_Corazon_10.jpg 240w, http:\/\/von-der-gehlenbieke.com\/wp-content\/uploads\/2020\/05\/Cattery_Corazon_10-120x90.jpg 120w\" sizes=\"(max-width: 240px) 100vw, 240px\" \/><figcaption class=\"blocks-gallery-item__caption\">OLYMPUS DIGITAL CAMERA<\/figcaption><\/figure><\/li><\/ul><\/figure>\n\n\n\n<hr class=\"wp-block-separator\"\/>\n\n\n\n<h3>Snorre von der Gehlen Bieke<\/h3>\n\n\n\n<p>Snorre von der Gehlen Bieke, amber tabby bloched<br>Lebt bei Francesca Barenghi in Rom, Italien.<br><strong>Vater:&nbsp;<\/strong>Yanis vom Egert in der Farbe hell-amber-tabby-gestromt+wei\u00df<strong><br>Mutter: <\/strong>Adriana von der Gehlen Bieke in der Farbe amber-silber-gestromt&nbsp;<\/p>\n\n\n\n<figure class=\"wp-block-image is-resized\"><a href=\"http:\/\/www.bluelynxcattery.com\/\" target=\"_blank\" rel=\"noreferrer noopener\"><img loading=\"lazy\" src=\"http:\/\/von-der-gehlenbieke.com\/wp-content\/uploads\/2019\/09\/Banner_BlueLynx.jpg\" alt=\"\" class=\"wp-image-980\" width=\"350\" height=\"75\" srcset=\"http:\/\/von-der-gehlenbieke.com\/wp-content\/uploads\/2019\/09\/Banner_BlueLynx.jpg 461w, http:\/\/von-der-gehlenbieke.com\/wp-content\/uploads\/2019\/09\/Banner_BlueLynx-300x65.jpg 300w\" sizes=\"(max-width: 350px) 100vw, 350px\" \/><\/a><\/figure>\n\n\n\n<figure class=\"wp-block-gallery columns-3 is-cropped\"><ul class=\"blocks-gallery-grid\"><li class=\"blocks-gallery-item\"><figure><img loading=\"lazy\" width=\"239\" height=\"320\" src=\"http:\/\/von-der-gehlenbieke.com\/wp-content\/uploads\/2020\/05\/Blue_Lynx_05.jpg\" alt=\"\" data-id=\"1928\" data-link=\"http:\/\/von-der-gehlenbieke.com\/?attachment_id=1928\" class=\"wp-image-1928\" srcset=\"http:\/\/von-der-gehlenbieke.com\/wp-content\/uploads\/2020\/05\/Blue_Lynx_05.jpg 239w, http:\/\/von-der-gehlenbieke.com\/wp-content\/uploads\/2020\/05\/Blue_Lynx_05-224x300.jpg 224w\" sizes=\"(max-width: 239px) 100vw, 239px\" \/><\/figure><\/li><li class=\"blocks-gallery-item\"><figure><img loading=\"lazy\" width=\"240\" height=\"252\" src=\"http:\/\/von-der-gehlenbieke.com\/wp-content\/uploads\/2020\/05\/Blue_Lynx_04.jpg\" alt=\"\" data-id=\"1929\" data-link=\"http:\/\/von-der-gehlenbieke.com\/?attachment_id=1929\" class=\"wp-image-1929\"\/><\/figure><\/li><li class=\"blocks-gallery-item\"><figure><img loading=\"lazy\" width=\"320\" height=\"214\" src=\"http:\/\/von-der-gehlenbieke.com\/wp-content\/uploads\/2020\/05\/Blue_Lynx_03.jpg\" alt=\"\" data-id=\"1930\" data-link=\"http:\/\/von-der-gehlenbieke.com\/?attachment_id=1930\" class=\"wp-image-1930\" srcset=\"http:\/\/von-der-gehlenbieke.com\/wp-content\/uploads\/2020\/05\/Blue_Lynx_03.jpg 320w, http:\/\/von-der-gehlenbieke.com\/wp-content\/uploads\/2020\/05\/Blue_Lynx_03-300x201.jpg 300w\" sizes=\"(max-width: 320px) 100vw, 320px\" \/><\/figure><\/li><li class=\"blocks-gallery-item\"><figure><img loading=\"lazy\" width=\"320\" height=\"214\" src=\"http:\/\/von-der-gehlenbieke.com\/wp-content\/uploads\/2020\/05\/Blue_Lynx_02.jpg\" alt=\"\" data-id=\"1931\" data-link=\"http:\/\/von-der-gehlenbieke.com\/?attachment_id=1931\" class=\"wp-image-1931\" srcset=\"http:\/\/von-der-gehlenbieke.com\/wp-content\/uploads\/2020\/05\/Blue_Lynx_02.jpg 320w, http:\/\/von-der-gehlenbieke.com\/wp-content\/uploads\/2020\/05\/Blue_Lynx_02-300x201.jpg 300w\" sizes=\"(max-width: 320px) 100vw, 320px\" \/><\/figure><\/li><li class=\"blocks-gallery-item\"><figure><img loading=\"lazy\" width=\"573\" height=\"297\" src=\"http:\/\/von-der-gehlenbieke.com\/wp-content\/uploads\/2020\/05\/Blue_Lynx_01.png\" alt=\"\" data-id=\"1932\" data-link=\"http:\/\/von-der-gehlenbieke.com\/?attachment_id=1932\" class=\"wp-image-1932\" srcset=\"http:\/\/von-der-gehlenbieke.com\/wp-content\/uploads\/2020\/05\/Blue_Lynx_01.png 573w, http:\/\/von-der-gehlenbieke.com\/wp-content\/uploads\/2020\/05\/Blue_Lynx_01-300x155.png 300w\" sizes=\"(max-width: 573px) 100vw, 573px\" \/><\/figure><\/li><\/ul><\/figure>\n\n\n\n<hr class=\"wp-block-separator\"\/>\n\n\n\n<h3>Eirik von der Gehlen Bieke<\/h3>\n\n\n\n<p>SC Eirik von der Gehlen Bieke, amber blotched tabby<br>Lebt bei Mari M\u00e4lkki in H\u00e4m\u00e4linna, Finnland, Cattery Karvanaaman<br><strong><strong>Vater:&nbsp;<\/strong><\/strong>Yanis vom Egert in der Farbe hell-amber-tabby-gestromt+wei\u00df<strong><strong><br>Mutter:<\/strong><\/strong> Adriana von der Gehlen Bieke in der Farbe amber-silber-gestromt&nbsp;<\/p>\n\n\n\n<figure class=\"wp-block-image\"><a href=\"http:\/\/www.karvanaaman.fi\/index_en.html\" target=\"_blank\" rel=\"noreferrer noopener\"><img loading=\"lazy\" width=\"420\" height=\"59\" src=\"http:\/\/von-der-gehlenbieke.com\/wp-content\/uploads\/2019\/09\/banner_Karvan.jpg\" alt=\"\" class=\"wp-image-984\" srcset=\"http:\/\/von-der-gehlenbieke.com\/wp-content\/uploads\/2019\/09\/banner_Karvan.jpg 420w, http:\/\/von-der-gehlenbieke.com\/wp-content\/uploads\/2019\/09\/banner_Karvan-300x42.jpg 300w\" sizes=\"(max-width: 420px) 100vw, 420px\" \/><\/a><\/figure>\n\n\n\n<figure class=\"wp-block-gallery columns-2 is-cropped\"><ul class=\"blocks-gallery-grid\"><li class=\"blocks-gallery-item\"><figure><img loading=\"lazy\" width=\"250\" height=\"250\" src=\"http:\/\/von-der-gehlenbieke.com\/wp-content\/uploads\/2020\/05\/Karvanaaman_04.jpg\" alt=\"\" data-id=\"1934\" data-link=\"http:\/\/von-der-gehlenbieke.com\/?attachment_id=1934\" class=\"wp-image-1934\" srcset=\"http:\/\/von-der-gehlenbieke.com\/wp-content\/uploads\/2020\/05\/Karvanaaman_04.jpg 250w, http:\/\/von-der-gehlenbieke.com\/wp-content\/uploads\/2020\/05\/Karvanaaman_04-150x150.jpg 150w\" sizes=\"(max-width: 250px) 100vw, 250px\" \/><\/figure><\/li><li class=\"blocks-gallery-item\"><figure><img loading=\"lazy\" width=\"250\" height=\"250\" src=\"http:\/\/von-der-gehlenbieke.com\/wp-content\/uploads\/2020\/05\/Karvanaaman_02.jpg\" alt=\"\" data-id=\"1936\" data-link=\"http:\/\/von-der-gehlenbieke.com\/?attachment_id=1936\" class=\"wp-image-1936\" srcset=\"http:\/\/von-der-gehlenbieke.com\/wp-content\/uploads\/2020\/05\/Karvanaaman_02.jpg 250w, http:\/\/von-der-gehlenbieke.com\/wp-content\/uploads\/2020\/05\/Karvanaaman_02-150x150.jpg 150w\" sizes=\"(max-width: 250px) 100vw, 250px\" \/><\/figure><\/li><li class=\"blocks-gallery-item\"><figure><img loading=\"lazy\" width=\"250\" height=\"250\" src=\"http:\/\/von-der-gehlenbieke.com\/wp-content\/uploads\/2020\/05\/Karvanaaman_01.jpg\" alt=\"\" data-id=\"1937\" data-link=\"http:\/\/von-der-gehlenbieke.com\/?attachment_id=1937\" class=\"wp-image-1937\" srcset=\"http:\/\/von-der-gehlenbieke.com\/wp-content\/uploads\/2020\/05\/Karvanaaman_01.jpg 250w, http:\/\/von-der-gehlenbieke.com\/wp-content\/uploads\/2020\/05\/Karvanaaman_01-150x150.jpg 150w\" sizes=\"(max-width: 250px) 100vw, 250px\" \/><\/figure><\/li><li class=\"blocks-gallery-item\"><figure><img loading=\"lazy\" width=\"250\" height=\"250\" src=\"http:\/\/von-der-gehlenbieke.com\/wp-content\/uploads\/2020\/05\/Karvanaaman_03.jpg\" alt=\"\" data-id=\"1935\" data-link=\"http:\/\/von-der-gehlenbieke.com\/?attachment_id=1935\" class=\"wp-image-1935\" srcset=\"http:\/\/von-der-gehlenbieke.com\/wp-content\/uploads\/2020\/05\/Karvanaaman_03.jpg 250w, http:\/\/von-der-gehlenbieke.com\/wp-content\/uploads\/2020\/05\/Karvanaaman_03-150x150.jpg 150w\" sizes=\"(max-width: 250px) 100vw, 250px\" \/><\/figure><\/li><\/ul><\/figure>\n\n\n\n<hr class=\"wp-block-separator\"\/>\n\n\n\n<h3>Aragon von der Gehlen Bieke<\/h3>\n\n\n\n<p>SC Aragon von der Gehlen Bieke, amber light blotched tabby white<br>Lebt bei Dorota Biskupska in Wroclaw, Polen<br><strong>Vater:&nbsp;Yanis vom Egert &#8211; hell-amber-tabby-gestromt+wei\u00df<br>Mutter:&nbsp;Jenny av Tromsoe &#8211; black-tabby-classic+wei\u00df \/ amber-Tr\u00e4ger&nbsp;<\/strong><\/p>\n\n\n\n<figure class=\"wp-block-image\"><a href=\"http:\/\/www.foresteyes.eu\/\" target=\"_blank\" rel=\"noreferrer noopener\"><img loading=\"lazy\" width=\"264\" height=\"75\" src=\"http:\/\/von-der-gehlenbieke.com\/wp-content\/uploads\/2019\/09\/Banner_foresteyes.jpg\" alt=\"\" class=\"wp-image-973\"\/><\/a><\/figure>\n\n\n\n<figure class=\"wp-block-gallery columns-2 is-cropped\"><ul class=\"blocks-gallery-grid\"><li class=\"blocks-gallery-item\"><figure><img loading=\"lazy\" width=\"250\" height=\"250\" src=\"http:\/\/von-der-gehlenbieke.com\/wp-content\/uploads\/2020\/01\/Aragon02.jpg\" alt=\"\" data-id=\"1071\" data-link=\"http:\/\/von-der-gehlenbieke.com\/?attachment_id=1071\" class=\"wp-image-1071\" srcset=\"http:\/\/von-der-gehlenbieke.com\/wp-content\/uploads\/2020\/01\/Aragon02.jpg 250w, http:\/\/von-der-gehlenbieke.com\/wp-content\/uploads\/2020\/01\/Aragon02-150x150.jpg 150w\" sizes=\"(max-width: 250px) 100vw, 250px\" \/><\/figure><\/li><li class=\"blocks-gallery-item\"><figure><img loading=\"lazy\" width=\"250\" height=\"250\" src=\"http:\/\/von-der-gehlenbieke.com\/wp-content\/uploads\/2020\/01\/Aragon03.jpg\" alt=\"\" data-id=\"1072\" data-link=\"http:\/\/von-der-gehlenbieke.com\/?attachment_id=1072\" class=\"wp-image-1072\" srcset=\"http:\/\/von-der-gehlenbieke.com\/wp-content\/uploads\/2020\/01\/Aragon03.jpg 250w, http:\/\/von-der-gehlenbieke.com\/wp-content\/uploads\/2020\/01\/Aragon03-150x150.jpg 150w\" sizes=\"(max-width: 250px) 100vw, 250px\" \/><\/figure><\/li><\/ul><\/figure>\n\n\n\n<hr class=\"wp-block-separator\"\/>\n\n\n\n<h3>Inken von der Gehlen Bieke<\/h3>\n\n\n\n<p>CH Inken von der Gehlen Bieke, black blotched tabby white, amber carrier<br>Lebt bei Sabrina Lanzini und Giuliano Campagna in Verona, Italien<br><strong><strong>Vater:&nbsp; Lasse von der Gehlen Bieke<br>Mutter: Arctitiger`s Zo\u00e9 Zilvia<\/strong><\/strong><\/p>\n\n\n\n<figure class=\"wp-block-image\"><a href=\"http:\/\/www.gattidelnord.eu\/\" target=\"_blank\" rel=\"noreferrer noopener\"><img loading=\"lazy\" width=\"300\" height=\"28\" src=\"http:\/\/von-der-gehlenbieke.com\/wp-content\/uploads\/2019\/09\/banner_gattidelnord.png\" alt=\"\" class=\"wp-image-988\"\/><\/a><\/figure>\n\n\n\n<figure class=\"wp-block-image\"><img loading=\"lazy\" width=\"250\" height=\"214\" src=\"http:\/\/von-der-gehlenbieke.com\/wp-content\/uploads\/2020\/05\/Gatti_Del_Nord_Inken-1.png\" alt=\"\" class=\"wp-image-1939\"\/><\/figure>\n\n\n\n<hr class=\"wp-block-separator\"\/>\n\n\n\n<h3>Fenris von der Gehlen Bieke<\/h3>\n\n\n\n<p>CH Fenris von der Gehlen Bieke, amber blotched tabby white<br>Lebt bei Sabrina Lanzini und Giuliano Campagna in Verona, Italien<strong><strong><br>Vater:&nbsp; Yanis vom Egert<\/strong><\/strong><br><strong><strong>Mutter: Adriana von der Gehlen Bieke<\/strong><\/strong><\/p>\n\n\n\n<figure class=\"wp-block-image\"><a href=\"http:\/\/www.gattidelnord.eu\/\" target=\"_blank\" rel=\"noreferrer noopener\"><img loading=\"lazy\" width=\"300\" height=\"28\" src=\"http:\/\/von-der-gehlenbieke.com\/wp-content\/uploads\/2019\/09\/banner_gattidelnord.png\" alt=\"\" class=\"wp-image-988\"\/><\/a><\/figure>\n\n\n\n<figure class=\"wp-block-image\"><img loading=\"lazy\" width=\"203\" height=\"214\" src=\"http:\/\/von-der-gehlenbieke.com\/wp-content\/uploads\/2020\/05\/Gatti_Del_Nord_Fenris.png\" alt=\"\" class=\"wp-image-1940\"\/><\/figure>\n\n\n\n<hr class=\"wp-block-separator\"\/>\n\n\n<h3><strong>Famke Jonsdottir<\/strong><\/h3>\n<p>blue tortie white \/ amber carrier<br data-rich-text-line-break=\"true\" \/>Eltern :\u00a0Jette Anadotter von der Gehlen Bieke, amber light smoke und Snorre av Veidefolk, red tabby blotched white \/ amber carrier<br data-rich-text-line-break=\"true\" \/>Cattery:\u00a0<a href=\"https:\/\/deref-gmx.net\/mail\/client\/yHCoCNmBAHk\/dereferrer\/?redirectUrl=https%3A%2F%2Fcatterythequtycats.nl\" target=\"_blank\" rel=\"noreferrer noopener\">https:\/\/catterythequtycats.nl<\/a><\/p>\n\n\n<figure class=\"wp-block-gallery columns-3 is-cropped\"><ul class=\"blocks-gallery-grid\"><li class=\"blocks-gallery-item\"><figure><img loading=\"lazy\" width=\"669\" height=\"1024\" src=\"http:\/\/von-der-gehlenbieke.com\/wp-content\/uploads\/2023\/09\/Famke_06-669x1024.jpg\" alt=\"\" data-id=\"2670\" data-full-url=\"http:\/\/von-der-gehlenbieke.com\/wp-content\/uploads\/2023\/09\/Famke_06.jpg\" data-link=\"http:\/\/von-der-gehlenbieke.com\/?attachment_id=2670\" class=\"wp-image-2670\" srcset=\"http:\/\/von-der-gehlenbieke.com\/wp-content\/uploads\/2023\/09\/Famke_06-669x1024.jpg 669w, http:\/\/von-der-gehlenbieke.com\/wp-content\/uploads\/2023\/09\/Famke_06-196x300.jpg 196w, http:\/\/von-der-gehlenbieke.com\/wp-content\/uploads\/2023\/09\/Famke_06-768x1176.jpg 768w, http:\/\/von-der-gehlenbieke.com\/wp-content\/uploads\/2023\/09\/Famke_06-1003x1536.jpg 1003w, http:\/\/von-der-gehlenbieke.com\/wp-content\/uploads\/2023\/09\/Famke_06-1337x2048.jpg 1337w, http:\/\/von-der-gehlenbieke.com\/wp-content\/uploads\/2023\/09\/Famke_06.jpg 1425w\" sizes=\"(max-width: 669px) 100vw, 669px\" \/><\/figure><\/li><li class=\"blocks-gallery-item\"><figure><img loading=\"lazy\" width=\"1024\" height=\"973\" src=\"http:\/\/von-der-gehlenbieke.com\/wp-content\/uploads\/2023\/09\/Famke_05-scaled-e1694021494941-1024x973.jpg\" alt=\"\" data-id=\"2668\" data-full-url=\"http:\/\/von-der-gehlenbieke.com\/wp-content\/uploads\/2023\/09\/Famke_05-scaled-e1694021494941.jpg\" data-link=\"http:\/\/von-der-gehlenbieke.com\/?attachment_id=2668\" class=\"wp-image-2668\" srcset=\"http:\/\/von-der-gehlenbieke.com\/wp-content\/uploads\/2023\/09\/Famke_05-scaled-e1694021494941-1024x973.jpg 1024w, http:\/\/von-der-gehlenbieke.com\/wp-content\/uploads\/2023\/09\/Famke_05-scaled-e1694021494941-300x285.jpg 300w, http:\/\/von-der-gehlenbieke.com\/wp-content\/uploads\/2023\/09\/Famke_05-scaled-e1694021494941-768x730.jpg 768w, http:\/\/von-der-gehlenbieke.com\/wp-content\/uploads\/2023\/09\/Famke_05-scaled-e1694021494941-1536x1460.jpg 1536w, http:\/\/von-der-gehlenbieke.com\/wp-content\/uploads\/2023\/09\/Famke_05-scaled-e1694021494941.jpg 1683w\" sizes=\"(max-width: 1024px) 100vw, 1024px\" \/><\/figure><\/li><li class=\"blocks-gallery-item\"><figure><img loading=\"lazy\" width=\"1024\" height=\"1020\" src=\"http:\/\/von-der-gehlenbieke.com\/wp-content\/uploads\/2023\/05\/Famke_04-1024x1020.jpg\" alt=\"\" data-id=\"2481\" data-full-url=\"http:\/\/von-der-gehlenbieke.com\/wp-content\/uploads\/2023\/05\/Famke_04.jpg\" data-link=\"http:\/\/von-der-gehlenbieke.com\/?attachment_id=2481\" class=\"wp-image-2481\" srcset=\"http:\/\/von-der-gehlenbieke.com\/wp-content\/uploads\/2023\/05\/Famke_04-1024x1020.jpg 1024w, http:\/\/von-der-gehlenbieke.com\/wp-content\/uploads\/2023\/05\/Famke_04-300x300.jpg 300w, http:\/\/von-der-gehlenbieke.com\/wp-content\/uploads\/2023\/05\/Famke_04-150x150.jpg 150w, http:\/\/von-der-gehlenbieke.com\/wp-content\/uploads\/2023\/05\/Famke_04-768x765.jpg 768w, http:\/\/von-der-gehlenbieke.com\/wp-content\/uploads\/2023\/05\/Famke_04-1536x1531.jpg 1536w, http:\/\/von-der-gehlenbieke.com\/wp-content\/uploads\/2023\/05\/Famke_04.jpg 1698w\" sizes=\"(max-width: 1024px) 100vw, 1024px\" \/><\/figure><\/li><li class=\"blocks-gallery-item\"><figure><img loading=\"lazy\" width=\"768\" height=\"1024\" src=\"http:\/\/von-der-gehlenbieke.com\/wp-content\/uploads\/2023\/05\/Famke_03-768x1024.jpg\" alt=\"\" data-id=\"2480\" data-full-url=\"http:\/\/von-der-gehlenbieke.com\/wp-content\/uploads\/2023\/05\/Famke_03-scaled.jpg\" data-link=\"http:\/\/von-der-gehlenbieke.com\/?attachment_id=2480\" class=\"wp-image-2480\" srcset=\"http:\/\/von-der-gehlenbieke.com\/wp-content\/uploads\/2023\/05\/Famke_03-768x1024.jpg 768w, http:\/\/von-der-gehlenbieke.com\/wp-content\/uploads\/2023\/05\/Famke_03-225x300.jpg 225w, http:\/\/von-der-gehlenbieke.com\/wp-content\/uploads\/2023\/05\/Famke_03-1152x1536.jpg 1152w, http:\/\/von-der-gehlenbieke.com\/wp-content\/uploads\/2023\/05\/Famke_03-1536x2048.jpg 1536w, http:\/\/von-der-gehlenbieke.com\/wp-content\/uploads\/2023\/05\/Famke_03-scaled.jpg 1920w\" sizes=\"(max-width: 768px) 100vw, 768px\" \/><\/figure><\/li><li class=\"blocks-gallery-item\"><figure><img loading=\"lazy\" width=\"768\" height=\"1024\" src=\"http:\/\/von-der-gehlenbieke.com\/wp-content\/uploads\/2023\/05\/Famke_02-768x1024.jpg\" alt=\"\" data-id=\"2479\" data-full-url=\"http:\/\/von-der-gehlenbieke.com\/wp-content\/uploads\/2023\/05\/Famke_02-scaled.jpg\" data-link=\"http:\/\/von-der-gehlenbieke.com\/?attachment_id=2479\" class=\"wp-image-2479\" srcset=\"http:\/\/von-der-gehlenbieke.com\/wp-content\/uploads\/2023\/05\/Famke_02-768x1024.jpg 768w, http:\/\/von-der-gehlenbieke.com\/wp-content\/uploads\/2023\/05\/Famke_02-225x300.jpg 225w, http:\/\/von-der-gehlenbieke.com\/wp-content\/uploads\/2023\/05\/Famke_02-1152x1536.jpg 1152w, http:\/\/von-der-gehlenbieke.com\/wp-content\/uploads\/2023\/05\/Famke_02-1536x2048.jpg 1536w, http:\/\/von-der-gehlenbieke.com\/wp-content\/uploads\/2023\/05\/Famke_02-scaled.jpg 1920w\" sizes=\"(max-width: 768px) 100vw, 768px\" \/><\/figure><\/li><li class=\"blocks-gallery-item\"><figure><img loading=\"lazy\" width=\"768\" height=\"1024\" src=\"http:\/\/von-der-gehlenbieke.com\/wp-content\/uploads\/2023\/05\/Famke_01-768x1024.jpg\" alt=\"\" data-id=\"2478\" data-full-url=\"http:\/\/von-der-gehlenbieke.com\/wp-content\/uploads\/2023\/05\/Famke_01-scaled.jpg\" data-link=\"http:\/\/von-der-gehlenbieke.com\/?attachment_id=2478\" class=\"wp-image-2478\" srcset=\"http:\/\/von-der-gehlenbieke.com\/wp-content\/uploads\/2023\/05\/Famke_01-768x1024.jpg 768w, http:\/\/von-der-gehlenbieke.com\/wp-content\/uploads\/2023\/05\/Famke_01-225x300.jpg 225w, http:\/\/von-der-gehlenbieke.com\/wp-content\/uploads\/2023\/05\/Famke_01-1152x1536.jpg 1152w, http:\/\/von-der-gehlenbieke.com\/wp-content\/uploads\/2023\/05\/Famke_01-1536x2048.jpg 1536w, http:\/\/von-der-gehlenbieke.com\/wp-content\/uploads\/2023\/05\/Famke_01-scaled.jpg 1920w\" sizes=\"(max-width: 768px) 100vw, 768px\" \/><\/figure><\/li><\/ul><\/figure>\n\n\n\n<hr class=\"wp-block-separator\"\/>\n\n\n\n<hr class=\"wp-block-separator\"\/>\n\n\n\n<hr class=\"wp-block-separator\"\/>\n\n\n\n<hr class=\"wp-block-separator\"\/>\n\n\n\n<hr class=\"wp-block-separator\"\/>\n\n\n\n<p><\/p>\n","protected":false},"excerpt":{"rendered":"<p>Alisea von der Gehlen Bieke CH Alisea von der Gehlen Bieke, amber silber blotched tabby whiteLebt bei Diana Furtado in&hellip; <a class=\"read-more\" href=\"http:\/\/von-der-gehlenbieke.com\/?page_id=969\">Continue Reading<\/a><\/p>\n","protected":false},"author":1,"featured_media":0,"parent":0,"menu_order":0,"comment_status":"closed","ping_status":"closed","template":"","meta":[],"_links":{"self":[{"href":"http:\/\/von-der-gehlenbieke.com\/index.php?rest_route=\/wp\/v2\/pages\/969"}],"collection":[{"href":"http:\/\/von-der-gehlenbieke.com\/index.php?rest_route=\/wp\/v2\/pages"}],"about":[{"href":"http:\/\/von-der-gehlenbieke.com\/index.php?rest_route=\/wp\/v2\/types\/page"}],"author":[{"embeddable":true,"href":"http:\/\/von-der-gehlenbieke.com\/index.php?rest_route=\/wp\/v2\/users\/1"}],"replies":[{"embeddable":true,"href":"http:\/\/von-der-gehlenbieke.com\/index.php?rest_route=%2Fwp%2Fv2%2Fcomments&post=969"}],"version-history":[{"count":31,"href":"http:\/\/von-der-gehlenbieke.com\/index.php?rest_route=\/wp\/v2\/pages\/969\/revisions"}],"predecessor-version":[{"id":2727,"href":"http:\/\/von-der-gehlenbieke.com\/index.php?rest_route=\/wp\/v2\/pages\/969\/revisions\/2727"}],"wp:attachment":[{"href":"http:\/\/von-der-gehlenbieke.com\/index.php?rest_route=%2Fwp%2Fv2%2Fmedia&parent=969"}],"curies":[{"name":"wp","href":"https:\/\/api.w.org\/{rel}","templated":true}]}}