{"id":934,"date":"2019-09-18T18:27:01","date_gmt":"2019-09-18T18:27:01","guid":{"rendered":"http:\/\/von-der-gehlenbieke.com\/?page_id=934"},"modified":"2019-09-18T18:27:01","modified_gmt":"2019-09-18T18:27:01","slug":"interessantes-ueber-die-norwegische-waldkatze","status":"publish","type":"page","link":"http:\/\/von-der-gehlenbieke.com\/?page_id=934","title":{"rendered":"Interessantes \u00fcber die Norwegische Waldkatze"},"content":{"rendered":"\n<p>Norwegische Waldkatze<\/p>\n\n\n\n<p><strong>Visitenkarte<\/strong><br>Typ : Semi-Foreign<br>Ursprungsgebiet : Norwegen<br>Ursprungsdatum : 17. Jahrhundert<br>Nationalit\u00e4t : Norwegen<br>Offizielle Anerkennung : 1975<br>Temperament : aktiv, wachsam, selbstst\u00e4ndig<\/p>\n\n\n\n<p>Die Norwegische Waldkatze erinnert an einen kleinen Luchs, besonders in der klassischen Farbe Tabby. Mit ihrer gro\u00dfen Statur, dem nat\u00fcrlichen Temperament und den spitzen, von kleinen Haarb\u00fcscheln geschm\u00fcckten Ohren kann man sie sich sehr gut beim Herumstreifen in den ausgedehnten W\u00e4ldern Nordeuropas vorstellen. Dennoch f\u00fchlt sie sich in den sch\u00fctzenden vier W\u00e4nden einer Wohnung oder innerhalb eines umz\u00e4unten Gartens genauso wohl.&nbsp;<br><\/p>\n\n\n\n<p><strong>Geschichten und Legenden<\/strong><\/p>\n\n\n\n<p>Die Geschichte der Norwegischen Waldkatze h\u00e4ngt eng mit den Wikingern zusammen, bei denen sie als heilig galt. Nach einer Legende zogen zwei gro\u00dfe Katzen mit pr\u00e4chtigem wei\u00dfen Fell den Wagen der Freya, der nordischen G\u00f6ttin der Liebe und Fruchtbarkeit. Die gro\u00dfen Waldkatzen sollen als getreue Gef\u00e4hrten der Wikinger auf den Schiffen die Vorr\u00e4te vor den frechen, kleinen Nagern bewahrt haben. Die \u00c4hnlichkeit zwischen der Norwegischen Waldkatze und der Maine Coon wird oft als Anzeichen daf\u00fcr gewertet, dass die nordischen Seefahrer einige Exemplare auf ihren Schiffen in die Neue Welt mitbrachten.<br><\/p>\n\n\n\n<p><strong>Fr\u00fche Geschichte<\/strong><\/p>\n\n\n\n<p>Die Rasse stammt aus Norwegen, wo sich die typischen Merkmale unter dem Druck des rauen Klimas entwickelt haben. Die gro\u00dfe, kr\u00e4ftige Statur und das dichte Fell stellen tats\u00e4chlich eine hervorragende Anpassung an die harten Lebensbedingungen in diesen Regionen dar. Doch auch hier ist sich die Fachwelt nicht einig : Das lange Haar stammt nach der Meinung einiger Experten von Exemplaren ab, die von normannischen Seefahrern aus Anatolien und dem Kaukasusgebiet mitgebracht worden waren. Diese Angorakatzen sollen sich mit den dortigen Kurzhaarkatzen gepaart haben, woraus diese langhaarige Rasse entstand. Die erste Erw\u00e4hnung dieser Rasse findet man 1599 in Form einer Beschreibung des Naturforschers Peter Clauson Friis. er sprach von einer \u201eluchs\u00e4hnlichen\u201c Katze, die sehr an die heutige Waldkatze erinnert. in norwegischen Fabeln kommt diese Rasse zwischen 1837 und 1852 h\u00e4ufig vor.&nbsp;<br><\/p>\n\n\n\n<p><strong>Moderne Geschichte<\/strong><\/p>\n\n\n\n<p>Die Norwegische Waldkatze erregte das Interesse der Z\u00fcchter in den Drei\u00dfigerjahren, als eine Gruppe passionierter Katzenliebhaber damit begann, Charakteristika und Standards f\u00fcr diese Rasse festzulegen. Trotz der gro\u00dfen Fortschritte bei der Zucht erreicht die Norwegische Waldkatze erst 1973 die K\u00fcsten Gro\u00dfbritanniens und wurde von dort auch nach Amerika exportiert, wo sie gro\u00dfe Erfolge feierte. 1975 formierte sich in Norwegen der erste auf diese Rasse spezialisierte Z\u00fcchterverband, zwei Jahre sp\u00e4ter folgte die offizielle Anerkennung der FIF\u00e9. In Norwegen stellt sie eine Art Nationalheiligtum dar und ist unter dem Namen Norsk Skaugatt bekannt.<br><\/p>\n\n\n\n<p><strong>Standard<\/strong><\/p>\n\n\n\n<p>Die Norwegische Waldkatze ist gro\u00df, hochbeinig und hat eine rechteckige K\u00f6rperform. Der Kopf bildet mit den Ohren ein gleichseitiges Dreieck mit langem, geradem Profil ohne Einbuchtungen. Die Augen sind mandelf\u00f6rmig, schr\u00e4g gestellt und gro\u00df, die Farbe harmoniert mit dem Fell. Die mittelgro\u00dfen Ohren verl\u00e4ngern die Linie der Wangen nach oben und sind am Rand mit langen Haarb\u00fcscheln besetzt. Die Hinterbeine sind l\u00e4nger als die Vorderbeine, der Schwanz ist lang und buschig. Das Fell ist vor allem in den Wintermonaten durch die dichte Unterwolle flauschig und dick. Besonders um den Hals herum bildet sich eine dichte Halskrause. Dort ist das Haar besonders lang, ebenso wie am Schwanz und an den Flanken. Das kr\u00e4ftige Deckhaar gl\u00e4nzt seidig.<br><\/p>\n\n\n\n<p><strong>Charakter<\/strong><\/p>\n\n\n\n<p>Eine Norwegische Waldkatze ist aktiv, wachsam, sehr unabh\u00e4ngig, aber durchaus gesellig und zutraulich gegen\u00fcber Menschen. Auch erwachsene Tiere sind noch ziemlich verspielt. Besonders die M\u00e4nnchen suchen die Gesellschaft des Menschen, Weibchen lassen sich oft weniger gerne hochheben. Diese Katze kann gut mit Kindern zusammenleben, wenn ihr das Spiel zu grob wird, zieht sie sich zur\u00fcck. M\u00e4nnchen sind oft unduldsam gegen\u00fcber Jungtieren, im Allgemeinen aber wenig aggressiv, nicht sehr lautfreudig und reserviert. Die Norwegische Waldkatze f\u00fcrchtet sich nicht vor lauten Ger\u00e4uschen oder fremden Personen, sie beschn\u00fcffelt Neuank\u00f6mmlinge neugierig, inspiziert sie aber genau, bevor sie sich von ihnen streicheln l\u00e4sst. Selbstbewusst tr\u00e4gt sie den pr\u00e4chtigen Schwanz hoch und gerade wie eine Fahne. Wenn sie \u00fcber einen Garten verf\u00fcgen kann, l\u00e4sst sie gerne ihrem Spieltrieb und ihrer Neugier freien Lauf und klettert viel auf B\u00e4ume, kann sich aber auch gut an das Leben in der Wohnung anpassen.<br><\/p>\n\n\n\n<p><strong>Pflege<\/strong><\/p>\n\n\n\n<p>Das dichte Fell muss oft geb\u00fcrstet werden, besonders w\u00e4hrend des Fellwechsels, ab und zu ein Bad und korrekte Ern\u00e4hrung komplettieren das Pflegeprogramm. Zu h\u00e4ufiges Baden ist zu vermeiden, Seife und Shampoo kann den sch\u00fctzenden Fettfilm auf den Haaren zerst\u00f6ren. Das ist auch nicht n\u00f6tig, denn das Fell verfilzt ohnehin nicht. Die Norwegische Waldkatze ist erst mit vier oder f\u00fcnf Jahren ausgewachsen.<\/p>\n\n\n\n<p><\/p>\n\n\n\n<p><strong>Farben<\/strong><\/p>\n\n\n\n<p>Alle Farben mit Ausnahme der aus Kreuzungen mit anderen Rassen hervorgegangenen Farbschl\u00e4ge sind zugelassen. Kleine wei\u00dfe Flecken und Medaillons, wie man sie bei Tabbys oft sieht, werden nicht gesch\u00e4tzt, kommen allerdings h\u00e4ufig vor und sind kein Ausschlussgrund.<\/p>\n\n\n\n<p><a href=\"http:\/\/www.von-der-gehlenbieke.de\/DiesundDas.htm#top\">zur\u00fcck zur <\/a><a href=\"http:\/\/von-der-gehlenbieke.com\/?page_id=910\">\u00dcbersicht<\/a><\/p>\n","protected":false},"excerpt":{"rendered":"<p>Norwegische Waldkatze VisitenkarteTyp : Semi-ForeignUrsprungsgebiet : NorwegenUrsprungsdatum : 17. JahrhundertNationalit\u00e4t : NorwegenOffizielle Anerkennung : 1975Temperament : aktiv, wachsam, selbstst\u00e4ndig Die&hellip; <a class=\"read-more\" href=\"http:\/\/von-der-gehlenbieke.com\/?page_id=934\">Continue Reading<\/a><\/p>\n","protected":false},"author":1,"featured_media":0,"parent":0,"menu_order":0,"comment_status":"closed","ping_status":"closed","template":"","meta":[],"_links":{"self":[{"href":"http:\/\/von-der-gehlenbieke.com\/index.php?rest_route=\/wp\/v2\/pages\/934"}],"collection":[{"href":"http:\/\/von-der-gehlenbieke.com\/index.php?rest_route=\/wp\/v2\/pages"}],"about":[{"href":"http:\/\/von-der-gehlenbieke.com\/index.php?rest_route=\/wp\/v2\/types\/page"}],"author":[{"embeddable":true,"href":"http:\/\/von-der-gehlenbieke.com\/index.php?rest_route=\/wp\/v2\/users\/1"}],"replies":[{"embeddable":true,"href":"http:\/\/von-der-gehlenbieke.com\/index.php?rest_route=%2Fwp%2Fv2%2Fcomments&post=934"}],"version-history":[{"count":1,"href":"http:\/\/von-der-gehlenbieke.com\/index.php?rest_route=\/wp\/v2\/pages\/934\/revisions"}],"predecessor-version":[{"id":935,"href":"http:\/\/von-der-gehlenbieke.com\/index.php?rest_route=\/wp\/v2\/pages\/934\/revisions\/935"}],"wp:attachment":[{"href":"http:\/\/von-der-gehlenbieke.com\/index.php?rest_route=%2Fwp%2Fv2%2Fmedia&parent=934"}],"curies":[{"name":"wp","href":"https:\/\/api.w.org\/{rel}","templated":true}]}}