{"id":923,"date":"2019-09-18T18:24:46","date_gmt":"2019-09-18T18:24:46","guid":{"rendered":"http:\/\/von-der-gehlenbieke.com\/?page_id=923"},"modified":"2019-09-18T18:24:46","modified_gmt":"2019-09-18T18:24:46","slug":"artikel-aus-der-katzen-zeitschrift-katzen-extra","status":"publish","type":"page","link":"http:\/\/von-der-gehlenbieke.com\/?page_id=923","title":{"rendered":"Artikel aus der Katzen-Zeitschrift &#8222;Katzen extra&#8220;"},"content":{"rendered":"\n<p>Hier ein interessanter Bericht mit Bildern der vielen verschiedenen Farben und einem Interview mit einem engagierten deutschen FIF\u00e9-Z\u00fcchter Herrn Dr. Alexander Platz \u00fcber die Norwegische Waldkatze aus dem \u00e4ltesten deutschen&nbsp;Katzen-Magazin, der Zeitschrift &#8222;Katzen extra&#8220; von Juni 2005&nbsp;!<\/p>\n\n\n\n<p>Um den Artikel zu lesen, einfach auf die gew\u00fcnschte Seite klicken&#8230;<\/p>\n\n\n\n<ul class=\"wp-block-gallery columns-3 is-cropped\"><li class=\"blocks-gallery-item\"><figure><a href=\"http:\/\/von-der-gehlenbieke.com\/wp-content\/uploads\/2019\/09\/Seite1_gross.jpg\"><img loading=\"lazy\" width=\"800\" height=\"1000\" src=\"http:\/\/von-der-gehlenbieke.com\/wp-content\/uploads\/2019\/09\/Seite1_gross.jpg\" alt=\"\" data-id=\"924\" data-link=\"http:\/\/von-der-gehlenbieke.com\/?attachment_id=924\" class=\"wp-image-924\" srcset=\"http:\/\/von-der-gehlenbieke.com\/wp-content\/uploads\/2019\/09\/Seite1_gross.jpg 800w, http:\/\/von-der-gehlenbieke.com\/wp-content\/uploads\/2019\/09\/Seite1_gross-240x300.jpg 240w, http:\/\/von-der-gehlenbieke.com\/wp-content\/uploads\/2019\/09\/Seite1_gross-768x960.jpg 768w\" sizes=\"(max-width: 800px) 100vw, 800px\" \/><\/a><\/figure><\/li><li class=\"blocks-gallery-item\"><figure><a href=\"http:\/\/von-der-gehlenbieke.com\/wp-content\/uploads\/2019\/09\/Seite2_gross.jpg\"><img loading=\"lazy\" width=\"800\" height=\"1000\" src=\"http:\/\/von-der-gehlenbieke.com\/wp-content\/uploads\/2019\/09\/Seite2_gross.jpg\" alt=\"\" data-id=\"925\" data-link=\"http:\/\/von-der-gehlenbieke.com\/?attachment_id=925\" class=\"wp-image-925\" srcset=\"http:\/\/von-der-gehlenbieke.com\/wp-content\/uploads\/2019\/09\/Seite2_gross.jpg 800w, http:\/\/von-der-gehlenbieke.com\/wp-content\/uploads\/2019\/09\/Seite2_gross-240x300.jpg 240w, http:\/\/von-der-gehlenbieke.com\/wp-content\/uploads\/2019\/09\/Seite2_gross-768x960.jpg 768w\" sizes=\"(max-width: 800px) 100vw, 800px\" \/><\/a><\/figure><\/li><li class=\"blocks-gallery-item\"><figure><a href=\"http:\/\/von-der-gehlenbieke.com\/wp-content\/uploads\/2019\/09\/Seite3_gross.jpg\"><img loading=\"lazy\" width=\"800\" height=\"1000\" src=\"http:\/\/von-der-gehlenbieke.com\/wp-content\/uploads\/2019\/09\/Seite3_gross.jpg\" alt=\"\" data-id=\"928\" data-link=\"http:\/\/von-der-gehlenbieke.com\/?attachment_id=928\" class=\"wp-image-928\" srcset=\"http:\/\/von-der-gehlenbieke.com\/wp-content\/uploads\/2019\/09\/Seite3_gross.jpg 800w, http:\/\/von-der-gehlenbieke.com\/wp-content\/uploads\/2019\/09\/Seite3_gross-240x300.jpg 240w, http:\/\/von-der-gehlenbieke.com\/wp-content\/uploads\/2019\/09\/Seite3_gross-768x960.jpg 768w\" sizes=\"(max-width: 800px) 100vw, 800px\" \/><\/a><\/figure><\/li><li class=\"blocks-gallery-item\"><figure><a href=\"http:\/\/von-der-gehlenbieke.com\/wp-content\/uploads\/2019\/09\/Seite4_gross.jpg\"><img loading=\"lazy\" width=\"800\" height=\"1000\" src=\"http:\/\/von-der-gehlenbieke.com\/wp-content\/uploads\/2019\/09\/Seite4_gross.jpg\" alt=\"\" data-id=\"929\" data-link=\"http:\/\/von-der-gehlenbieke.com\/?attachment_id=929\" class=\"wp-image-929\" srcset=\"http:\/\/von-der-gehlenbieke.com\/wp-content\/uploads\/2019\/09\/Seite4_gross.jpg 800w, http:\/\/von-der-gehlenbieke.com\/wp-content\/uploads\/2019\/09\/Seite4_gross-240x300.jpg 240w, http:\/\/von-der-gehlenbieke.com\/wp-content\/uploads\/2019\/09\/Seite4_gross-768x960.jpg 768w\" sizes=\"(max-width: 800px) 100vw, 800px\" \/><\/a><\/figure><\/li><li class=\"blocks-gallery-item\"><figure><a href=\"http:\/\/von-der-gehlenbieke.com\/wp-content\/uploads\/2019\/09\/Seite5_gross.jpg\"><img loading=\"lazy\" width=\"800\" height=\"1000\" src=\"http:\/\/von-der-gehlenbieke.com\/wp-content\/uploads\/2019\/09\/Seite5_gross.jpg\" alt=\"\" data-id=\"930\" data-link=\"http:\/\/von-der-gehlenbieke.com\/?attachment_id=930\" class=\"wp-image-930\" srcset=\"http:\/\/von-der-gehlenbieke.com\/wp-content\/uploads\/2019\/09\/Seite5_gross.jpg 800w, http:\/\/von-der-gehlenbieke.com\/wp-content\/uploads\/2019\/09\/Seite5_gross-240x300.jpg 240w, http:\/\/von-der-gehlenbieke.com\/wp-content\/uploads\/2019\/09\/Seite5_gross-768x960.jpg 768w\" sizes=\"(max-width: 800px) 100vw, 800px\" \/><\/a><\/figure><\/li><li class=\"blocks-gallery-item\"><figure><a href=\"http:\/\/von-der-gehlenbieke.com\/wp-content\/uploads\/2019\/09\/Seite6_gross.jpg\"><img loading=\"lazy\" width=\"800\" height=\"1000\" src=\"http:\/\/von-der-gehlenbieke.com\/wp-content\/uploads\/2019\/09\/Seite6_gross.jpg\" alt=\"\" data-id=\"931\" data-link=\"http:\/\/von-der-gehlenbieke.com\/?attachment_id=931\" class=\"wp-image-931\" srcset=\"http:\/\/von-der-gehlenbieke.com\/wp-content\/uploads\/2019\/09\/Seite6_gross.jpg 800w, http:\/\/von-der-gehlenbieke.com\/wp-content\/uploads\/2019\/09\/Seite6_gross-240x300.jpg 240w, http:\/\/von-der-gehlenbieke.com\/wp-content\/uploads\/2019\/09\/Seite6_gross-768x960.jpg 768w\" sizes=\"(max-width: 800px) 100vw, 800px\" \/><\/a><\/figure><\/li><\/ul>\n\n\n\n<p><a href=\"http:\/\/von-der-gehlenbieke.com\/?page_id=910\">zur\u00fcck zur \u00dcbersicht<\/a><\/p>\n","protected":false},"excerpt":{"rendered":"<p>Hier ein interessanter Bericht mit Bildern der vielen verschiedenen Farben und einem Interview mit einem engagierten deutschen FIF\u00e9-Z\u00fcchter Herrn Dr.&hellip; <a class=\"read-more\" href=\"http:\/\/von-der-gehlenbieke.com\/?page_id=923\">Continue Reading<\/a><\/p>\n","protected":false},"author":1,"featured_media":0,"parent":0,"menu_order":0,"comment_status":"closed","ping_status":"closed","template":"","meta":[],"_links":{"self":[{"href":"http:\/\/von-der-gehlenbieke.com\/index.php?rest_route=\/wp\/v2\/pages\/923"}],"collection":[{"href":"http:\/\/von-der-gehlenbieke.com\/index.php?rest_route=\/wp\/v2\/pages"}],"about":[{"href":"http:\/\/von-der-gehlenbieke.com\/index.php?rest_route=\/wp\/v2\/types\/page"}],"author":[{"embeddable":true,"href":"http:\/\/von-der-gehlenbieke.com\/index.php?rest_route=\/wp\/v2\/users\/1"}],"replies":[{"embeddable":true,"href":"http:\/\/von-der-gehlenbieke.com\/index.php?rest_route=%2Fwp%2Fv2%2Fcomments&post=923"}],"version-history":[{"count":3,"href":"http:\/\/von-der-gehlenbieke.com\/index.php?rest_route=\/wp\/v2\/pages\/923\/revisions"}],"predecessor-version":[{"id":932,"href":"http:\/\/von-der-gehlenbieke.com\/index.php?rest_route=\/wp\/v2\/pages\/923\/revisions\/932"}],"wp:attachment":[{"href":"http:\/\/von-der-gehlenbieke.com\/index.php?rest_route=%2Fwp%2Fv2%2Fmedia&parent=923"}],"curies":[{"name":"wp","href":"https:\/\/api.w.org\/{rel}","templated":true}]}}