{"id":916,"date":"2019-09-18T18:13:28","date_gmt":"2019-09-18T18:13:28","guid":{"rendered":"http:\/\/von-der-gehlenbieke.com\/?page_id=916"},"modified":"2019-09-18T18:13:28","modified_gmt":"2019-09-18T18:13:28","slug":"die-ersten-zucht-katzen","status":"publish","type":"page","link":"http:\/\/von-der-gehlenbieke.com\/?page_id=916","title":{"rendered":"Die ersten Zucht-Katzen"},"content":{"rendered":"\n<table class=\"wp-block-table\"><tbody><tr><td>Unsere ersten Zucht-Katzen haben wir aus einer Zeitungs-Anzeige herausgesucht. Leider war diese \u201eZ\u00fcchterin\u201c aus B\u00fcnde eine \u201eSchwarz-Z\u00fcchterin\u201c, was wir als Laien damals aber nicht besser wussten, es gab keine Stammb\u00e4ume, keine Impf-Ausweise und auch keine Gesundheitsbescheinigungen vom Tierarzt f\u00fcr unsere drei Katzen, die wir mit 900,&#8211; DM unserer Meinung nach teuer bezahlt haben.<br><br>Als sich dann beim Tierarzt auch noch herausstellte, alle drei waren h\u00f6chstens sechs Wochen alt, weder geimpft noch entwurmt, waren wir entsprechend sauer auf diese \u201eZ\u00fcchterin\u201c. Alle drei wurden zuerst entwurmt und gegen Katzenschnupfen und Katzenseuche behandelt und erst als sie einigerma\u00dfen gesund gepflegt waren, sie wurden zwischendurch immer wieder entwurmt, konnten sie komplett durchgeimpft werden. Ich habe diese \u201eZ\u00fcchterin\u201c Monate sp\u00e4ter dann \u00fcber meine angefallenen Tierarzt-Kosten von fast 900,&#8211; DM in Kenntnis setzen wollen, aber der Ehemann blockte ab, seine Frau h\u00e4tte Krebs, l\u00e4ge im Krankenhaus und k\u00f6nne sich nicht darum k\u00fcmmern.&nbsp;<br><br>Bei allem Verst\u00e4ndnis, auf solche \u201eVermehrer\u201c k\u00f6nnen wir doch verzichten, vor allem seit wir gemerkt haben, diese Katzen waren nicht reinrassig, es waren s\u00fc\u00dfe Perser-Norweger-Mischlinge. Sie z\u00fcchtete beide Rassen, vermutlich ohne Stammb\u00e4ume und da ging eben alles drunter und dr\u00fcber in diesem merkw\u00fcrdigen Haushalt, wo der Mann auch noch zwei verschiedene Hunderassen z\u00fcchtete : Neufundl\u00e4nder und Westhighland-Terrier, \u00fcber diese Misch-Verpaarungs-Ergebnisse mag ich lieber nicht nachdenken.&nbsp;<br><br>Ich habe damals alle kastrieren lassen, die beiden Katzen leben bei lieben, neuen Familien in Bonn und Hannover, der Kater lebt in H\u00fcllhorst.<\/td><\/tr><tr><td><br><a href=\"http:\/\/www.von-der-gehlenbieke.de\/DiesundDas.htm#top\">zur\u00fcck zur \u00dcbersicht<\/a><\/td><\/tr><\/tbody><\/table>\n","protected":false},"excerpt":{"rendered":"<p>Unsere ersten Zucht-Katzen haben wir aus einer Zeitungs-Anzeige herausgesucht. Leider war diese \u201eZ\u00fcchterin\u201c aus B\u00fcnde eine \u201eSchwarz-Z\u00fcchterin\u201c, was wir als&hellip; <a class=\"read-more\" href=\"http:\/\/von-der-gehlenbieke.com\/?page_id=916\">Continue Reading<\/a><\/p>\n","protected":false},"author":1,"featured_media":0,"parent":0,"menu_order":0,"comment_status":"closed","ping_status":"closed","template":"","meta":[],"_links":{"self":[{"href":"http:\/\/von-der-gehlenbieke.com\/index.php?rest_route=\/wp\/v2\/pages\/916"}],"collection":[{"href":"http:\/\/von-der-gehlenbieke.com\/index.php?rest_route=\/wp\/v2\/pages"}],"about":[{"href":"http:\/\/von-der-gehlenbieke.com\/index.php?rest_route=\/wp\/v2\/types\/page"}],"author":[{"embeddable":true,"href":"http:\/\/von-der-gehlenbieke.com\/index.php?rest_route=\/wp\/v2\/users\/1"}],"replies":[{"embeddable":true,"href":"http:\/\/von-der-gehlenbieke.com\/index.php?rest_route=%2Fwp%2Fv2%2Fcomments&post=916"}],"version-history":[{"count":1,"href":"http:\/\/von-der-gehlenbieke.com\/index.php?rest_route=\/wp\/v2\/pages\/916\/revisions"}],"predecessor-version":[{"id":917,"href":"http:\/\/von-der-gehlenbieke.com\/index.php?rest_route=\/wp\/v2\/pages\/916\/revisions\/917"}],"wp:attachment":[{"href":"http:\/\/von-der-gehlenbieke.com\/index.php?rest_route=%2Fwp%2Fv2%2Fmedia&parent=916"}],"curies":[{"name":"wp","href":"https:\/\/api.w.org\/{rel}","templated":true}]}}