{"id":910,"date":"2019-09-18T18:09:29","date_gmt":"2019-09-18T18:09:29","guid":{"rendered":"http:\/\/von-der-gehlenbieke.com\/?page_id=910"},"modified":"2022-09-11T12:17:57","modified_gmt":"2022-09-11T12:17:57","slug":"dies-und-das","status":"publish","type":"page","link":"http:\/\/von-der-gehlenbieke.com\/?page_id=910","title":{"rendered":"Dies und Das"},"content":{"rendered":"\n<p>Ein Z\u00fcchter investiert seine Einnahmen in Gesundheit und Entwicklung der Zucht und schafft R\u00fccklagen. Mal muss ein Tier ausscheiden, weil es charakterlich nicht harmonisch vererbt oder sich in der Gruppe nicht versteht, es braucht frisches Blut um Inzucht zu vermeiden oder man sortiert gesundheitliche &#8222;Wackelkandidaten&#8220; Vererber aus.<br>Ein &#8222;Vermehrer&#8220;, also ein Schwarz-Z\u00fcchter ohne Verein nutzt den Erl\u00f6s f\u00fcr die Haushaltskasse und dabei ist es ihm egal, was er wie verpaart. Hauptsache es &#8222;entstehen&#8220; Katzen. Oft werden pers\u00f6nliche finanzielle Engp\u00e4sse ausgeglichen oder einfach Erwerbslosigkeit kompensiert.<br>Mit dem Kauf bei &#8222;Schwarzz\u00fcchtern&#8220; oder Menschen die nur aus zwei Katzen ganz viele Katzen machen unterst\u00fctzen Sie, dass Tiere ausgenutzt werden.&nbsp;<br>Egal ob aus dem s\u00fcd- oder \u00f6stlichen Ausland oder dem Wohnzimmer einer finanzschwachen Familie.<br><br>Zu uns: Ich betreibe seit mehr als 20 Jahren eine reine Hobbyzucht dieser tolle Rasse in einem international aufgestellten ordentlichen Verein, dem 1.DEKZV e.V. unter der Dachorganisation FIF\u00e9&nbsp;<\/p>\n\n\n\n<p>Mein Mann und ich haben Katzen, die nicht zu unserem Lebensunterhalt beitragen m\u00fcssen.<br>Ausstellungen sind nicht der Sinn der Vereinszucht, sondern um mit Verstand und Verantwortung gesunde und typvolle Tiere zu z\u00fcchten.&nbsp;<br>Ein ordentlicher Z\u00fcchter tauscht nicht Baby gegen Geld, sondern steht ihnen ein Katzenleben lang mit Rat und Tat 24\/7 zur Seite &#8211; und wenn das nicht reicht, hat er ein gutes &#8222;Netzwerk&#8220; von Kollegen aufgebaut die f\u00fcr jedes Problem meist noch mehr Tipps haben als Ihr Tierarzt.<br><br>Unsere Zuchtkatzen werden regelm\u00e4\u00dfig auf g\u00e4ngige Krankeiten wie FIV, FIP, Giardien&#8230;..Labor getestet sowie per Ultraschall an Herz und Niere untersucht um &#8222;einen Schritt voraus&#8220; zu sein. Das hat nichts mit einem normalen &#8222;Tierarztbesuch&#8220; gemein, wo mal in die \u00d6hrchen geschaut wird.<br>Wir setzen nur Tiere ein, die wiederum auch in mehreren Generationen getestet wurden. Daf\u00fcr reist ein Z\u00fcchter auch mal in das Ausland.<\/p>\n\n\n\n<figure class=\"wp-block-table\"><table><tbody><tr><td><a href=\"http:\/\/von-der-gehlenbieke.com\/?page_id=916\">Die ersten Zucht-Katzen<\/a><\/td><\/tr><tr><td><a href=\"http:\/\/von-der-gehlenbieke.com\/?page_id=919\">M\u00fcssen Rassekatzen eigentlich so teuer sein ?<\/a><\/td><\/tr><tr><td><a href=\"http:\/\/von-der-gehlenbieke.com\/?page_id=43\">Kastraten<\/a><\/td><\/tr><tr><td><a href=\"http:\/\/von-der-gehlenbieke.com\/?page_id=923\">Artikel aus der Katzen-Zeitschrift &#8222;Katzen extra&#8220;<\/a><\/td><\/tr><tr><td><a href=\"http:\/\/von-der-gehlenbieke.com\/?page_id=934\">Interessantes \u00fcber die Norwegische Waldkatze<\/a><\/td><\/tr><tr><td><a href=\"http:\/\/von-der-gehlenbieke.com\/?page_id=938\">Ein Artikel aus dem Norwegermagazin (03\/04-2007)<\/a><\/td><\/tr><\/tbody><\/table><\/figure>\n","protected":false},"excerpt":{"rendered":"<p>Ein Z\u00fcchter investiert seine Einnahmen in Gesundheit und Entwicklung der Zucht und schafft R\u00fccklagen. Mal muss ein Tier ausscheiden, weil&hellip; <a class=\"read-more\" href=\"http:\/\/von-der-gehlenbieke.com\/?page_id=910\">Continue Reading<\/a><\/p>\n","protected":false},"author":1,"featured_media":0,"parent":0,"menu_order":0,"comment_status":"closed","ping_status":"closed","template":"","meta":[],"_links":{"self":[{"href":"http:\/\/von-der-gehlenbieke.com\/index.php?rest_route=\/wp\/v2\/pages\/910"}],"collection":[{"href":"http:\/\/von-der-gehlenbieke.com\/index.php?rest_route=\/wp\/v2\/pages"}],"about":[{"href":"http:\/\/von-der-gehlenbieke.com\/index.php?rest_route=\/wp\/v2\/types\/page"}],"author":[{"embeddable":true,"href":"http:\/\/von-der-gehlenbieke.com\/index.php?rest_route=\/wp\/v2\/users\/1"}],"replies":[{"embeddable":true,"href":"http:\/\/von-der-gehlenbieke.com\/index.php?rest_route=%2Fwp%2Fv2%2Fcomments&post=910"}],"version-history":[{"count":11,"href":"http:\/\/von-der-gehlenbieke.com\/index.php?rest_route=\/wp\/v2\/pages\/910\/revisions"}],"predecessor-version":[{"id":2361,"href":"http:\/\/von-der-gehlenbieke.com\/index.php?rest_route=\/wp\/v2\/pages\/910\/revisions\/2361"}],"wp:attachment":[{"href":"http:\/\/von-der-gehlenbieke.com\/index.php?rest_route=%2Fwp%2Fv2%2Fmedia&parent=910"}],"curies":[{"name":"wp","href":"https:\/\/api.w.org\/{rel}","templated":true}]}}