{"id":800,"date":"2019-09-16T17:51:35","date_gmt":"2019-09-16T17:51:35","guid":{"rendered":"http:\/\/von-der-gehlenbieke.com\/?page_id=800"},"modified":"2025-10-13T09:28:49","modified_gmt":"2025-10-13T09:28:49","slug":"zuchtbetreuung","status":"publish","type":"page","link":"http:\/\/von-der-gehlenbieke.com\/?page_id=800","title":{"rendered":"Zuchtbetreuung"},"content":{"rendered":"\n<p>Unsere Zucht wird betreut von:<\/p>\n\n\n\n<p><strong>Tierarzt-Praxis Dr. Janowitz &amp; Kollegen in L\u00fcbbecke<\/strong><\/p>\n\n\n\n<p><a href=\"http:\/\/www.janowitz-luebbecke.de\/\">www.janowitz-luebbecke.de<\/a><\/p>\n\n\n\n<p>Ich m\u00f6chte hier einmal meinen besonderen Dank daf\u00fcr aussprechen, dass ich mich zu jeder Tages- und Nachtzeit auf die \u00fcberaus professionelle Hilfe von Dr. Janowitz und seinem Team verlassen kann! Ein besseres Tier\u00e4rzte-Team kann man sich nicht w\u00fcnschen!&nbsp;<br><\/p>\n\n\n\n<p>Vor allem in Bezug auf meine &#8222;Export-Katzen&#8220;, denen Ausfuhr-Genehmigungen nach dem Schengener Abkommen durch unseren Amts-Tierarzt und den Botschafter des Landes erteilt und spezielle Impfungen gegen Bandwurm oder Hautpilz zur Einfuhr in die entsprechenden L\u00e4nder verabreicht werden mu\u00dften.&nbsp;<br><\/p>\n\n\n\n<p>Wenn meine Tier\u00e4rzte unsere Katzen oder Hunde bei schwierigen F\u00e4llen \u00fcberweisen m\u00fcssen, bin ich hier ebenfalls gut aufgehoben:<\/p>\n\n\n\n<p>&#8222;Tiergesundheitszentrum Gru\u00dfendorf&#8220; in Bramsche bei Osnabr\u00fcck:<\/p>\n\n\n\n<p><a href=\"http:\/\/www.tiergesundheitszentrum.com\/\" target=\"_blank\" rel=\"noreferrer noopener\">www.tiergesundheitszentrum.com<\/a><\/p>\n\n\n\n<p>und nat\u00fcrlich nicht zu vergessen die Tier\u00e4rztliche Hochschule in Hannover:<\/p>\n\n\n\n<p><a href=\"http:\/\/www.tiho-hannover.de\/\" target=\"_blank\" rel=\"noreferrer noopener\">www.tiho-hannover.de<\/a><\/p>\n\n\n\n<p>und das\u00a0Kleintierzentrum in Greven:<\/p>\n\n\n\n<p><a href=\"http:\/\/www.kleintierzentrum-greven.de\" target=\"_blank\" rel=\"noreferrer noopener\">www.kleintierzentrum-greven.de<\/a><\/p>\n\n\n\n<p><\/p>\n","protected":false},"excerpt":{"rendered":"<p>Unsere Zucht wird betreut von: Tierarzt-Praxis Dr. Janowitz &amp; Kollegen in L\u00fcbbecke www.janowitz-luebbecke.de Ich m\u00f6chte hier einmal meinen besonderen Dank&hellip; <a class=\"read-more\" href=\"http:\/\/von-der-gehlenbieke.com\/?page_id=800\">Continue Reading<\/a><\/p>\n","protected":false},"author":1,"featured_media":0,"parent":0,"menu_order":0,"comment_status":"closed","ping_status":"closed","template":"","meta":[],"_links":{"self":[{"href":"http:\/\/von-der-gehlenbieke.com\/index.php?rest_route=\/wp\/v2\/pages\/800"}],"collection":[{"href":"http:\/\/von-der-gehlenbieke.com\/index.php?rest_route=\/wp\/v2\/pages"}],"about":[{"href":"http:\/\/von-der-gehlenbieke.com\/index.php?rest_route=\/wp\/v2\/types\/page"}],"author":[{"embeddable":true,"href":"http:\/\/von-der-gehlenbieke.com\/index.php?rest_route=\/wp\/v2\/users\/1"}],"replies":[{"embeddable":true,"href":"http:\/\/von-der-gehlenbieke.com\/index.php?rest_route=%2Fwp%2Fv2%2Fcomments&post=800"}],"version-history":[{"count":5,"href":"http:\/\/von-der-gehlenbieke.com\/index.php?rest_route=\/wp\/v2\/pages\/800\/revisions"}],"predecessor-version":[{"id":3045,"href":"http:\/\/von-der-gehlenbieke.com\/index.php?rest_route=\/wp\/v2\/pages\/800\/revisions\/3045"}],"wp:attachment":[{"href":"http:\/\/von-der-gehlenbieke.com\/index.php?rest_route=%2Fwp%2Fv2%2Fmedia&parent=800"}],"curies":[{"name":"wp","href":"https:\/\/api.w.org\/{rel}","templated":true}]}}