{"id":76,"date":"2019-02-24T10:35:41","date_gmt":"2019-02-24T10:35:41","guid":{"rendered":"http:\/\/von-der-gehlenbieke.com\/?page_id=76"},"modified":"2019-02-24T10:46:29","modified_gmt":"2019-02-24T10:46:29","slug":"impressum","status":"publish","type":"page","link":"http:\/\/von-der-gehlenbieke.com\/?page_id=76","title":{"rendered":"Impressum"},"content":{"rendered":"\n<p><strong>Copyright:<\/strong> <br>\u00a9 2000 &#8211; 2019 &#8211; Fotos u. Texte &#8211; Helga Volkening, \u201cNorwegische Waldkatzen von der Gehlen Bieke\u201d<\/p>\n\n\n\n<p>Jede Art der Verwertung, Verbreitung, Vervielf\u00e4ltigung dieses\nDokumentes oder Teilen davon in gedruckten oder elektronischen Medien\nsowie im Internet ist grunds\u00e4tzlich nicht gestattet. Ausnahmen bed\u00fcrfen meiner\nausdr\u00fccklichen, schriftlichen Zustimmung.<br>\nAlle Rechte vorbehalten.<\/p>\n\n\n\n<p><strong>Texte:<\/strong> <br>Helga Volkening<br><strong>Fotos:<\/strong> <br>Helga Volkening, 2000 &#8211; 2019<br><strong>Kontaktadresse:<\/strong> <br>Helga Volkening- Im H\u00fcllgarten 4 &#8211; 32312 L\u00fcbbecke Tel.: 05741\/602690<br><strong>E-Mail:<\/strong> <br><a href=\"mailto:norweger@von-der-gehlenbieke.de\">norweger@von-der-gehlenbieke.de<\/a><\/p>\n\n\n\n<p><strong>Quellennachweise:<br>Links:<\/strong> <br>Mit dem Urteil vom 12.05.1998-3120 85\/98-,,Haftung f\u00fcr Links (=Querverweise) hat das Landgericht Hamburg entschieden, dass man durch einen Link auf eine andere Homepage, deren Inhalte ggf. mit zu verantworten hat. <br> Dieses kann dadurch verhindert werden, indem man sich ausdr\u00fccklich von diesen Inhalten distanziert.<\/p>\n\n\n\n<p>Hiermit distanziere ich mich, Helga Volkening, ausdr\u00fccklich\nvon s\u00e4mtlichen Inhalten aller von mir verlinkten externen Seiten.\nDiese Erkl\u00e4rung gilt f\u00fcr alle Ver\u00f6ffentlichungen.<\/p>\n","protected":false},"excerpt":{"rendered":"<p>Copyright: \u00a9 2000 &#8211; 2019 &#8211; Fotos u. Texte &#8211; Helga Volkening, \u201cNorwegische Waldkatzen von der Gehlen Bieke\u201d Jede Art&hellip; <a class=\"read-more\" href=\"http:\/\/von-der-gehlenbieke.com\/?page_id=76\">Continue Reading<\/a><\/p>\n","protected":false},"author":1,"featured_media":0,"parent":0,"menu_order":0,"comment_status":"closed","ping_status":"closed","template":"","meta":[],"_links":{"self":[{"href":"http:\/\/von-der-gehlenbieke.com\/index.php?rest_route=\/wp\/v2\/pages\/76"}],"collection":[{"href":"http:\/\/von-der-gehlenbieke.com\/index.php?rest_route=\/wp\/v2\/pages"}],"about":[{"href":"http:\/\/von-der-gehlenbieke.com\/index.php?rest_route=\/wp\/v2\/types\/page"}],"author":[{"embeddable":true,"href":"http:\/\/von-der-gehlenbieke.com\/index.php?rest_route=\/wp\/v2\/users\/1"}],"replies":[{"embeddable":true,"href":"http:\/\/von-der-gehlenbieke.com\/index.php?rest_route=%2Fwp%2Fv2%2Fcomments&post=76"}],"version-history":[{"count":3,"href":"http:\/\/von-der-gehlenbieke.com\/index.php?rest_route=\/wp\/v2\/pages\/76\/revisions"}],"predecessor-version":[{"id":91,"href":"http:\/\/von-der-gehlenbieke.com\/index.php?rest_route=\/wp\/v2\/pages\/76\/revisions\/91"}],"wp:attachment":[{"href":"http:\/\/von-der-gehlenbieke.com\/index.php?rest_route=%2Fwp%2Fv2%2Fmedia&parent=76"}],"curies":[{"name":"wp","href":"https:\/\/api.w.org\/{rel}","templated":true}]}}