{"id":75,"date":"2019-02-24T10:35:41","date_gmt":"2019-02-24T10:35:41","guid":{"rendered":"http:\/\/von-der-gehlenbieke.com\/?page_id=75"},"modified":"2019-03-03T15:47:11","modified_gmt":"2019-03-03T15:47:11","slug":"ueber-uns","status":"publish","type":"page","link":"http:\/\/von-der-gehlenbieke.com\/?page_id=75","title":{"rendered":"\u00dcber uns"},"content":{"rendered":"\n<p>Wir wohnen hier sehr idyllisch am Nordhang des Wiehengebirges im M\u00fchlenkreis Minden-L\u00fcbbecke, der sehr bekannt geworden ist durch die vielen unterschiedlichen M\u00fchlentypen, die zwar quer durch den M\u00fchlenkreis verteilt sind, die man aber alle problemlos mit dem Fahrrad \u00fcber sch\u00f6n ausgebaute Fahrradwege erreichen kann.<\/p>\n\n\n\n<p>Vom Stemweder Berg n\u00f6rdlich des Mittellandkanals bis Richtung Herford im S\u00fcden und vom Westen aus dem Osnabr\u00fccker Raum bis in die Gebiete \u00f6stlich der Weser erstreckt sich der M\u00fchlenkreis Minden-L\u00fcbbecke, welcher auch &#8222;Handball-Hochburg von Ostwestfalen&#8220; genannt wird, weil hier fast jeder so wie ich Handball gespielt hat und mehrere Vereine zur 1. Handball-Bundesliga geh\u00f6ren.<\/p>\n\n\n\n<p>Wir sind hier geboren und aufgewachsen mit vielen Haustieren, drau\u00dfen herum laufenden Katzen und die meisten von ihnen sind durch Nachbarn mit Rattengift vergiftet worden. Auf Grund dieser Tatsache kamen wir durch eine Zeitungs-Anzeige zu unseren drei ersten &#8222;Stuben-Tigern&#8220;, die wir aber mittlerweile an liebe Leute in Hannover, H\u00fcllhorst und Bonn abgegeben haben, weil sich herausstellte, sie waren nicht reinrassig, sondern wir hatten Norweger-Perser-Mischlinge.<\/p>\n\n\n\n<p>Wir haben dann auf einer Rassekatzen-Ausstellung in L\u00f6hne bei Herford eine sehr nette Norweger-Z\u00fcchterin kennen gelernt, von der unsere erste Mutterkatze Batida Jurassic Feline stammt. Sie hat mich f\u00f6rmlich zu unserem ersten Wurf gedr\u00e4ngt und nachdem der A-Wurf in Hamm so einen Erfolg hatte, sind wir auch zu vielen anderen Ausstellungen gegangen.<\/p>\n\n\n\n<p>Das Fr\u00fchjahr 2004 haben wir als Auszeit genommen, um unser Haus fertig zu stellen und einzuziehen und wir haben einen neuen 3. Namen beantragt, nachdem wir mit unserem ersten Zwinger-Namen scheinbar zuviel Erfolg hatten, der uns geneidet und daraufhin aberkannt wurde. Name Nr. 2 habe ich nach vier Wochen abgelehnt, als mir bekannt wurde, dieser Zwinger-Name existiert im gleichen Verein wie unser erster Name.<\/p>\n\n\n\n<p>Unser 3. Zwinger-Name erhielt seinen Namen von unserem Fl\u00fc\u00dfchen &#8222;Gehle Bieke&#8220;, das ist plattdeutsch und hei\u00dft \u00fcbersetzt &#8222;Gelber Bach&#8220;. Die Gehle Bieke flo\u00df in fr\u00fcheren Zeiten unverrohrt durch unseren Ort Gehlenbeck und bei wolkenbruchartigen Regenf\u00e4llen schwemmte er den gelben Lehm aus dem Wiehengebirge durch den Ort und schwoll dabei auf ein vielfaches an. Dieser gelbe Lehm im Bach f\u00fchrte sp\u00e4ter zur Namensgebung des L\u00fcbbecker Vorortes.<\/p>\n","protected":false},"excerpt":{"rendered":"<p>Wir wohnen hier sehr idyllisch am Nordhang des Wiehengebirges im M\u00fchlenkreis Minden-L\u00fcbbecke, der sehr bekannt geworden ist durch die vielen&hellip; <a class=\"read-more\" href=\"http:\/\/von-der-gehlenbieke.com\/?page_id=75\">Continue Reading<\/a><\/p>\n","protected":false},"author":1,"featured_media":0,"parent":0,"menu_order":0,"comment_status":"closed","ping_status":"closed","template":"","meta":[],"_links":{"self":[{"href":"http:\/\/von-der-gehlenbieke.com\/index.php?rest_route=\/wp\/v2\/pages\/75"}],"collection":[{"href":"http:\/\/von-der-gehlenbieke.com\/index.php?rest_route=\/wp\/v2\/pages"}],"about":[{"href":"http:\/\/von-der-gehlenbieke.com\/index.php?rest_route=\/wp\/v2\/types\/page"}],"author":[{"embeddable":true,"href":"http:\/\/von-der-gehlenbieke.com\/index.php?rest_route=\/wp\/v2\/users\/1"}],"replies":[{"embeddable":true,"href":"http:\/\/von-der-gehlenbieke.com\/index.php?rest_route=%2Fwp%2Fv2%2Fcomments&post=75"}],"version-history":[{"count":2,"href":"http:\/\/von-der-gehlenbieke.com\/index.php?rest_route=\/wp\/v2\/pages\/75\/revisions"}],"predecessor-version":[{"id":226,"href":"http:\/\/von-der-gehlenbieke.com\/index.php?rest_route=\/wp\/v2\/pages\/75\/revisions\/226"}],"wp:attachment":[{"href":"http:\/\/von-der-gehlenbieke.com\/index.php?rest_route=%2Fwp%2Fv2%2Fmedia&parent=75"}],"curies":[{"name":"wp","href":"https:\/\/api.w.org\/{rel}","templated":true}]}}