{"id":65,"date":"2019-02-24T10:34:28","date_gmt":"2019-02-24T10:34:28","guid":{"rendered":"http:\/\/von-der-gehlenbieke.com\/?page_id=65"},"modified":"2019-03-03T13:51:38","modified_gmt":"2019-03-03T13:51:38","slug":"vermittlung","status":"publish","type":"page","link":"http:\/\/von-der-gehlenbieke.com\/?page_id=65","title":{"rendered":"Tipps"},"content":{"rendered":"\n<p>Wochenlang haben Sie auf diesen Tag hingefiebert, jetzt ist es endlich so weit: Ein Katzenkind zieht ein!\u00a0<br>F\u00fcr Ihr neues Familienmitglied ist dieser Tag genauso wichtig wie f\u00fcr Sie als Katzenfreund. Schlie\u00dflich hat Ihr Kitten die letzten sechzehn Wochen mit Mutterkatze und Geschwisterchen verbracht. Teil einer Menschenfamilie zu sein ist eine gro\u00dfe Umstellung f\u00fcr ein Kitten und ein umso gr\u00f6\u00dferes Abenteuer!\u00a0Kitten sind Meister im Entdecken \u2013 was Sie sehr bald selbst herausfinden werden.\u00a0<br><br><strong>Diese 4 Tipps sind zu beachten:<\/strong><\/p>\n\n\n\n<ul><li><strong><a rel=\"noreferrer noopener\" aria-label=\" (\u00f6ffnet in neuem Tab)\" href=\"http:\/\/www.zooplus.de\/shop\/katzen\/kitten\/grundausstattung\" target=\"_blank\">Die richtige Ausr\u00fcstung f\u00fcr Kitten<\/a><\/strong>: Die richtige Vorbereitung ist das A und O. Idealerweise haben Sie den Kratzbaum aufgestellt und ein kuscheliges Katzenbett bereitgestellt, damit Ihr s\u00fc\u00dfes Kitten gleich ihr\/sein eigenes Reich erkunden kann. Auch eine Katzentoilette geh\u00f6rt in jeden Haushalt und ist umso wichtiger, damit Ihr Kitten gleich von Anfang an sauber ist. F\u00fcr Kitten eignen sich Katzenklos mit einem tieferen Einstieg. Kitten sind meistens nicht auf eine bestimmte Streusorte festgelegt. Probieren Sie einfach aus, welche Art von Streu Sie und Ihr Kitten bevorzugen und testen Sie effektive Silikatstreu, nat\u00fcrliche Klumpstreu und nat\u00fcrliche Holzstreu.<\/li><li><strong><a rel=\"noreferrer noopener\" aria-label=\" (\u00f6ffnet in neuem Tab)\" href=\"http:\/\/www.zooplus.de\/shop\/katzen\/kitten\/kitte_alle_produkte\" target=\"_blank\">Futter und Zubeh\u00f6r f\u00fcr Kitten<\/a><\/strong>: Nat\u00fcrlich sollten auch je ein Futternapf f\u00fcr Trocken-, Nassfutter und Wasser sowie die richtige Kittennahrung auf Ihrem Einkaufszettel stehen. Spezialnahrung f\u00fcr Katzenkinder ist auf den h\u00f6heren N\u00e4hrstoffbedarf w\u00e4hrend der wichtigen Wachstumsphase abgestimmt. Fragen Sie auch beim Z\u00fcchter oder Tierheim nach, welches Futter Ihr Kitten gewohnt ist. Mit einer langsamen Umstellung auf das neue Kittenfutter vermeiden Sie Verdauungsprobleme.<\/li><li><strong><a rel=\"noreferrer noopener\" aria-label=\" (\u00f6ffnet in neuem Tab)\" href=\"http:\/\/www.zooplus.de\/shop\/katzen\/kitten\/katzenspielzeug\" target=\"_blank\">Besch\u00e4ftigung f\u00fcr Kitten<\/a><\/strong>: Lange Streichel- und Spieleinheiten festigen die Bindung zwischen Ihnen und Ihrer Katze. Letztere sind besonders wichtig, damit Ihr Kitten nicht auf dumme Gedanken kommt. Spielangeln, Spielb\u00e4lle, Fellm\u00e4use und Intelligenzspielzeuge sind eine perfekte M\u00f6glichkeit, den Spieltrieb Ihrer Jungkatze in die richtigen Bahnen zu lenken.<\/li><li><strong><a href=\"http:\/\/www.zooplus.de\/shop\/katzen\/kitten\/unterwegs#Netz_&amp;_Fensterschutz\" target=\"_blank\" rel=\"noreferrer noopener\" aria-label=\" (\u00f6ffnet in neuem Tab)\">Sicherheit f\u00fcr Kitten<\/a><\/strong>: K\u00e4tzchen sind Meister im Entdecken und Ausprobieren. Wie kleine Kinder kommen die s\u00fc\u00dfen Kitten h\u00e4ufig in Schwierigkeiten. Beobachten Sie Ihr Kitten w\u00e4hrend der ersten Wochen genau: Sind offene Fenster besonders attraktiv? Verf\u00e4ngt es sich beim Spiel gerne in den Schlaufen der Rollos? Oder wirkt die Aluverpackung der f\u00fcr Katzen giftigen Schokolade besonders einladend? So k\u00f6nnen Sie rechtzeitig auf eventuelle Gefahren reagieren. Denken Sie auch \u00fcber die Installation eines Kippfensterschutzes und Fenstergitter nach!\u00a0<a href=\"http:\/\/www.zooplus.de\/shop\/katzen\/balkon_garten\/katzenklappe_und_einbautuer\">Katzenklappen<\/a>\u00a0erm\u00f6glichen es Freig\u00e4ngerkatzen, ganz nach Lust und Laune ein und aus zu gehen.<\/li><\/ul>\n\n\n\n<p><\/p>\n","protected":false},"excerpt":{"rendered":"<p>Wochenlang haben Sie auf diesen Tag hingefiebert, jetzt ist es endlich so weit: Ein Katzenkind zieht ein!\u00a0F\u00fcr Ihr neues Familienmitglied&hellip; <a class=\"read-more\" href=\"http:\/\/von-der-gehlenbieke.com\/?page_id=65\">Continue Reading<\/a><\/p>\n","protected":false},"author":1,"featured_media":0,"parent":0,"menu_order":0,"comment_status":"closed","ping_status":"closed","template":"","meta":[],"_links":{"self":[{"href":"http:\/\/von-der-gehlenbieke.com\/index.php?rest_route=\/wp\/v2\/pages\/65"}],"collection":[{"href":"http:\/\/von-der-gehlenbieke.com\/index.php?rest_route=\/wp\/v2\/pages"}],"about":[{"href":"http:\/\/von-der-gehlenbieke.com\/index.php?rest_route=\/wp\/v2\/types\/page"}],"author":[{"embeddable":true,"href":"http:\/\/von-der-gehlenbieke.com\/index.php?rest_route=\/wp\/v2\/users\/1"}],"replies":[{"embeddable":true,"href":"http:\/\/von-der-gehlenbieke.com\/index.php?rest_route=%2Fwp%2Fv2%2Fcomments&post=65"}],"version-history":[{"count":3,"href":"http:\/\/von-der-gehlenbieke.com\/index.php?rest_route=\/wp\/v2\/pages\/65\/revisions"}],"predecessor-version":[{"id":123,"href":"http:\/\/von-der-gehlenbieke.com\/index.php?rest_route=\/wp\/v2\/pages\/65\/revisions\/123"}],"wp:attachment":[{"href":"http:\/\/von-der-gehlenbieke.com\/index.php?rest_route=%2Fwp%2Fv2%2Fmedia&parent=65"}],"curies":[{"name":"wp","href":"https:\/\/api.w.org\/{rel}","templated":true}]}}