{"id":45,"date":"2019-02-24T10:20:14","date_gmt":"2019-02-24T10:20:14","guid":{"rendered":"http:\/\/von-der-gehlenbieke.com\/?page_id=45"},"modified":"2019-06-30T14:30:28","modified_gmt":"2019-06-30T14:30:28","slug":"kontakt","status":"publish","type":"page","link":"http:\/\/von-der-gehlenbieke.com\/?page_id=45","title":{"rendered":"Kontakt"},"content":{"rendered":"\n<p><strong>Helga Volkening<br><\/strong>Im H\u00fcllgarten 4<br>32312 L\u00fcbbecke<br>Tel.: 05741\/602690<br>E-mail:&nbsp;<a href=\"mailto:norweger@von-der-gehlenbieke.de\">norweger@von-der-gehlenbieke.de<\/a><\/p>\n\n\n\n<hr class=\"wp-block-separator\"\/>\n\n\n\n<p>Wenn Sie Interesse an einem Kitten von uns haben, setzen Sie sich doch einfach mit uns in Verbindung. Viele Fragen und auch Bedenken, kann man am Telefon oder auch per E- Mail viel schneller kl\u00e4ren. Der fr\u00fcheste Abgabetermin ist nach der 16. Lebenswoche, da ist die Grundimmunisierung dann abgeschlossen. Vielen neuen Besitzern ist das zu sp\u00e4t, aber gerade in den ersten Wochen werden die Kitten von den Elterntieren stark gepr\u00e4gt und sollten diese Phase nicht missen. Bei uns m\u00fcssen Sie auf Ihr zuk\u00fcnftiges Familienmitglied noch etwas l\u00e4nger warten, denn wir praktizieren seit Jahren mit gutem Erfolg die Fr\u00fchkastration. Um eine gesunde, physische und psychische Stabilit\u00e4t zu bekommen, brauchen die Kleinen einfach ihre Mutter. Als neue Besitzer haben Sie ja noch soviel Zeit mit ihnen und das Warten wird sich auf jeden Fall lohnen! Die Kitten sind dann entwurmt, wurden gegen Schnupfen und Seuche geimpft, sie bekommen einen EU-Ausweis und einen Chip, womit die Katze dann bei TASSO registriert werden kann. Bei Anfragen f\u00fcr die Zucht ist es mir wichtig, dass die Katzen-Interessenten fr\u00fch genug anfragen, bevor wir den Termin f\u00fcr die Kastration beim Tierarzt vereinbaren. Zuchttiere werden getestet, damit sich keine Erbkrankheiten in den Linien einschleichen.\u00a0 Ich bitte um Verst\u00e4ndnis, dass wir Kitten nur gegen Anzahlung reservieren! Ein vorheriges Kennenlernen setze ich voraus.\u00a0<\/p>\n\n\n\n<p><strong>Abgabebedingungen<\/strong>:<\/p>\n\n\n\n<ul><li>keine Abgabe in den ungesicherten Freigang<\/li><li>keine Abgabe in Einzelhaltung, ohne k\u00e4tzische Gesellschaft<br><\/li><\/ul>\n\n\n\n<hr class=\"wp-block-separator\"\/>\n\n\n\n<p><strong>Unsere Preise sind nicht verhandelbar.&nbsp;<\/strong><\/p>\n\n\n\n<p><\/p>\n","protected":false},"excerpt":{"rendered":"<p>Helga VolkeningIm H\u00fcllgarten 432312 L\u00fcbbeckeTel.: 05741\/602690E-mail:&nbsp;norweger@von-der-gehlenbieke.de Wenn Sie Interesse an einem Kitten von uns haben, setzen Sie sich doch einfach&hellip; <a class=\"read-more\" href=\"http:\/\/von-der-gehlenbieke.com\/?page_id=45\">Continue Reading<\/a><\/p>\n","protected":false},"author":1,"featured_media":0,"parent":0,"menu_order":0,"comment_status":"closed","ping_status":"closed","template":"","meta":[],"_links":{"self":[{"href":"http:\/\/von-der-gehlenbieke.com\/index.php?rest_route=\/wp\/v2\/pages\/45"}],"collection":[{"href":"http:\/\/von-der-gehlenbieke.com\/index.php?rest_route=\/wp\/v2\/pages"}],"about":[{"href":"http:\/\/von-der-gehlenbieke.com\/index.php?rest_route=\/wp\/v2\/types\/page"}],"author":[{"embeddable":true,"href":"http:\/\/von-der-gehlenbieke.com\/index.php?rest_route=\/wp\/v2\/users\/1"}],"replies":[{"embeddable":true,"href":"http:\/\/von-der-gehlenbieke.com\/index.php?rest_route=%2Fwp%2Fv2%2Fcomments&post=45"}],"version-history":[{"count":5,"href":"http:\/\/von-der-gehlenbieke.com\/index.php?rest_route=\/wp\/v2\/pages\/45\/revisions"}],"predecessor-version":[{"id":660,"href":"http:\/\/von-der-gehlenbieke.com\/index.php?rest_route=\/wp\/v2\/pages\/45\/revisions\/660"}],"wp:attachment":[{"href":"http:\/\/von-der-gehlenbieke.com\/index.php?rest_route=%2Fwp%2Fv2%2Fmedia&parent=45"}],"curies":[{"name":"wp","href":"https:\/\/api.w.org\/{rel}","templated":true}]}}