{"id":444,"date":"2019-06-29T13:50:45","date_gmt":"2019-06-29T13:50:45","guid":{"rendered":"http:\/\/von-der-gehlenbieke.com\/?page_id=444"},"modified":"2019-06-29T15:09:24","modified_gmt":"2019-06-29T15:09:24","slug":"unser-hund","status":"publish","type":"page","link":"http:\/\/von-der-gehlenbieke.com\/?page_id=444","title":{"rendered":"Unser Hund"},"content":{"rendered":"\n<ul class=\"wp-block-gallery columns-2 is-cropped\"><li class=\"blocks-gallery-item\"><figure><img loading=\"lazy\" width=\"250\" height=\"250\" src=\"http:\/\/von-der-gehlenbieke.com\/wp-content\/uploads\/2019\/06\/Hund01.jpg\" alt=\"\" data-id=\"502\" data-link=\"http:\/\/von-der-gehlenbieke.com\/?attachment_id=502\" class=\"wp-image-502\" srcset=\"http:\/\/von-der-gehlenbieke.com\/wp-content\/uploads\/2019\/06\/Hund01.jpg 250w, http:\/\/von-der-gehlenbieke.com\/wp-content\/uploads\/2019\/06\/Hund01-150x150.jpg 150w\" sizes=\"(max-width: 250px) 100vw, 250px\" \/><\/figure><\/li><li class=\"blocks-gallery-item\"><figure><img loading=\"lazy\" width=\"250\" height=\"250\" src=\"http:\/\/von-der-gehlenbieke.com\/wp-content\/uploads\/2019\/06\/Hund02.jpg\" alt=\"\" data-id=\"503\" data-link=\"http:\/\/von-der-gehlenbieke.com\/?attachment_id=503\" class=\"wp-image-503\" srcset=\"http:\/\/von-der-gehlenbieke.com\/wp-content\/uploads\/2019\/06\/Hund02.jpg 250w, http:\/\/von-der-gehlenbieke.com\/wp-content\/uploads\/2019\/06\/Hund02-150x150.jpg 150w\" sizes=\"(max-width: 250px) 100vw, 250px\" \/><\/figure><\/li><li class=\"blocks-gallery-item\"><figure><img loading=\"lazy\" width=\"250\" height=\"250\" src=\"http:\/\/von-der-gehlenbieke.com\/wp-content\/uploads\/2019\/06\/Hund03.jpg\" alt=\"\" data-id=\"504\" data-link=\"http:\/\/von-der-gehlenbieke.com\/?attachment_id=504\" class=\"wp-image-504\" srcset=\"http:\/\/von-der-gehlenbieke.com\/wp-content\/uploads\/2019\/06\/Hund03.jpg 250w, http:\/\/von-der-gehlenbieke.com\/wp-content\/uploads\/2019\/06\/Hund03-150x150.jpg 150w\" sizes=\"(max-width: 250px) 100vw, 250px\" \/><\/figure><\/li><li class=\"blocks-gallery-item\"><figure><img loading=\"lazy\" width=\"250\" height=\"250\" src=\"http:\/\/von-der-gehlenbieke.com\/wp-content\/uploads\/2019\/06\/Hund04.jpg\" alt=\"\" data-id=\"505\" data-link=\"http:\/\/von-der-gehlenbieke.com\/?attachment_id=505\" class=\"wp-image-505\" srcset=\"http:\/\/von-der-gehlenbieke.com\/wp-content\/uploads\/2019\/06\/Hund04.jpg 250w, http:\/\/von-der-gehlenbieke.com\/wp-content\/uploads\/2019\/06\/Hund04-150x150.jpg 150w\" sizes=\"(max-width: 250px) 100vw, 250px\" \/><\/figure><\/li><\/ul>\n\n\n\n<table class=\"wp-block-table\"><tbody><tr><td>&#8222;Silver Moonlight`s DC Over and Out&#8220;&nbsp;genannt Balko<\/td><\/tr><\/tbody><\/table>\n\n\n\n<p><a rel=\"noreferrer noopener\" target=\"_blank\" href=\"http:\/\/www.silver-moonlights-retriever.de\/\">www.silver-moonlights.de<\/a><\/p>\n\n\n\n<p>Der Himmel hat einen Stern mehr!<\/p>\n\n\n\n<p>Nach zw\u00f6lfj\u00e4hriger Familienzugeh\u00f6rigkeit mu\u00dften wir von unserem Labradorr\u00fcden Balko Abschied nehmen.<\/p>\n\n\n\n<p>Er wird f\u00fcr immer in unseren Herzen weiterleben!<\/p>\n","protected":false},"excerpt":{"rendered":"<p>&#8222;Silver Moonlight`s DC Over and Out&#8220;&nbsp;genannt Balko www.silver-moonlights.de Der Himmel hat einen Stern mehr! Nach zw\u00f6lfj\u00e4hriger Familienzugeh\u00f6rigkeit mu\u00dften wir von&hellip; <a class=\"read-more\" href=\"http:\/\/von-der-gehlenbieke.com\/?page_id=444\">Continue Reading<\/a><\/p>\n","protected":false},"author":1,"featured_media":0,"parent":0,"menu_order":0,"comment_status":"closed","ping_status":"closed","template":"","meta":[],"_links":{"self":[{"href":"http:\/\/von-der-gehlenbieke.com\/index.php?rest_route=\/wp\/v2\/pages\/444"}],"collection":[{"href":"http:\/\/von-der-gehlenbieke.com\/index.php?rest_route=\/wp\/v2\/pages"}],"about":[{"href":"http:\/\/von-der-gehlenbieke.com\/index.php?rest_route=\/wp\/v2\/types\/page"}],"author":[{"embeddable":true,"href":"http:\/\/von-der-gehlenbieke.com\/index.php?rest_route=\/wp\/v2\/users\/1"}],"replies":[{"embeddable":true,"href":"http:\/\/von-der-gehlenbieke.com\/index.php?rest_route=%2Fwp%2Fv2%2Fcomments&post=444"}],"version-history":[{"count":3,"href":"http:\/\/von-der-gehlenbieke.com\/index.php?rest_route=\/wp\/v2\/pages\/444\/revisions"}],"predecessor-version":[{"id":507,"href":"http:\/\/von-der-gehlenbieke.com\/index.php?rest_route=\/wp\/v2\/pages\/444\/revisions\/507"}],"wp:attachment":[{"href":"http:\/\/von-der-gehlenbieke.com\/index.php?rest_route=%2Fwp%2Fv2%2Fmedia&parent=444"}],"curies":[{"name":"wp","href":"https:\/\/api.w.org\/{rel}","templated":true}]}}