{"id":436,"date":"2019-06-29T13:45:55","date_gmt":"2019-06-29T13:45:55","guid":{"rendered":"http:\/\/von-der-gehlenbieke.com\/?page_id=436"},"modified":"2019-06-29T13:45:55","modified_gmt":"2019-06-29T13:45:55","slug":"gedanken-vor-dem-kauf","status":"publish","type":"page","link":"http:\/\/von-der-gehlenbieke.com\/?page_id=436","title":{"rendered":"Gedanken vor dem Kauf"},"content":{"rendered":"\n<table class=\"wp-block-table\"><tbody><tr><td>1.<\/td><td>Sind alle Familienmitglieder mit dem Einzug eines K\u00e4tzchens einverstanden?<\/td><\/tr><tr><td>2.<\/td><td>Besteht bei keinem Familienmitglied eine Allergie auf Tierhaare?<\/td><\/tr><tr><td>3.<\/td><td>Wer versorgt die Katze? F\u00fcttern, Wasser geben, die Sch\u00fcsseln und die Katzentoilette reinigen? Wer \u00fcbernimmt die Fellpflege? Auch ein Norweger sollte ab und zu geb\u00fcrstet oder gek\u00e4mmt werden.<\/td><\/tr><tr><td>4.<\/td><td>Wer versorgt die Katze, wenn Sie in Urlaub fahren? Oder ist es m\u00f6glich, die Katze mitzunehmen?<\/td><\/tr><tr><td>5.<\/td><td>Wie sieht es mit den laufenden Kosten aus? Tierarzt, regelm\u00e4\u00dfige Wurmkur, regelm\u00e4\u00dfige Impfungen, Futter, Katzenstreu, Spielzeug, evtl. kostenpflichtige Urlaubsbetreuung?<\/td><\/tr><tr><td>6.<\/td><td>Bevor ein K\u00e4tzchen zu Ihnen ins Haus kommt, sollte ein Kratzbaum und eine Katzentoilette angeschafft werden, ebenfalls eine B\u00fcrste (b.z.w. Kamm) und etwas Spielzeug.<\/td><\/tr><tr><td>7.<\/td><td>Bedenken Sie bitte, dass eine Katze durchaus 15 Jahre alt werden kann und t\u00e4glich Pflege und Streicheleinheiten ben\u00f6tigt, damit sie sich rundherum wohl f\u00fchlt.<\/td><\/tr><tr><td>8.<\/td><td>Wenn alle n\u00f6tigen \u00dcberlegungen gemacht worden sind, kann Ihr neues Familienmitglied Katze bei Ihnen einziehen.<\/td><\/tr><\/tbody><\/table>\n","protected":false},"excerpt":{"rendered":"<p>1. Sind alle Familienmitglieder mit dem Einzug eines K\u00e4tzchens einverstanden? 2. Besteht bei keinem Familienmitglied eine Allergie auf Tierhaare? 3.&hellip; <a class=\"read-more\" href=\"http:\/\/von-der-gehlenbieke.com\/?page_id=436\">Continue Reading<\/a><\/p>\n","protected":false},"author":1,"featured_media":0,"parent":0,"menu_order":0,"comment_status":"closed","ping_status":"closed","template":"","meta":[],"_links":{"self":[{"href":"http:\/\/von-der-gehlenbieke.com\/index.php?rest_route=\/wp\/v2\/pages\/436"}],"collection":[{"href":"http:\/\/von-der-gehlenbieke.com\/index.php?rest_route=\/wp\/v2\/pages"}],"about":[{"href":"http:\/\/von-der-gehlenbieke.com\/index.php?rest_route=\/wp\/v2\/types\/page"}],"author":[{"embeddable":true,"href":"http:\/\/von-der-gehlenbieke.com\/index.php?rest_route=\/wp\/v2\/users\/1"}],"replies":[{"embeddable":true,"href":"http:\/\/von-der-gehlenbieke.com\/index.php?rest_route=%2Fwp%2Fv2%2Fcomments&post=436"}],"version-history":[{"count":1,"href":"http:\/\/von-der-gehlenbieke.com\/index.php?rest_route=\/wp\/v2\/pages\/436\/revisions"}],"predecessor-version":[{"id":437,"href":"http:\/\/von-der-gehlenbieke.com\/index.php?rest_route=\/wp\/v2\/pages\/436\/revisions\/437"}],"wp:attachment":[{"href":"http:\/\/von-der-gehlenbieke.com\/index.php?rest_route=%2Fwp%2Fv2%2Fmedia&parent=436"}],"curies":[{"name":"wp","href":"https:\/\/api.w.org\/{rel}","templated":true}]}}