{"id":43,"date":"2019-02-24T10:20:14","date_gmt":"2019-02-24T10:20:14","guid":{"rendered":"http:\/\/von-der-gehlenbieke.com\/?page_id=43"},"modified":"2023-09-06T11:02:26","modified_gmt":"2023-09-06T11:02:26","slug":"plaene","status":"publish","type":"page","link":"http:\/\/von-der-gehlenbieke.com\/?page_id=43","title":{"rendered":"Kastraten"},"content":{"rendered":"\n<p><strong>Abgabe von Kastraten aus der Zucht:<br><\/strong>Kastrierte Tiere sind meistens in der Rangordnung unter den potenten Tieren, was zu Spannungen f\u00fchren kann.<br>Auch neigen einige dann zu unkontrollierten Fressorgien, weil Kittenfutter f\u00fcr die Jungtiere und tr\u00e4chtigen Katzen zur freien Verf\u00fcgung stehen muss.<br>Was der Gesundheit durch die Gewichtszunahme nicht unbedingt zutr\u00e4glich ist.&nbsp;<br>Manch ein Kastrat mag auch das lebhafte Wesen der Jungtiere nicht und f\u00fchlt sich derartig genervt, das er sich von der Gruppe zur\u00fcckzieht. Auch hier ist ein liebevolles und sorgf\u00e4ltig ausgesuchtes neues Zuhause weitaus besser als Dauerstress.&nbsp;<\/p>\n\n\n\n<p><strong>Unsere hier gezeigten Kastraten haben alle ein liebes, neues Zuhause bei Katzenfreunden gefunden!<\/strong><\/p>\n\n\n\n<table border=\"0\" width=\"80%\">\n  <colgroup>\n    <col width=\"50%\">\n    <col width=\"30%\">\n  <\/colgroup>\n<tr>\n<td>\n<h3>Svartfjellet&#8217;s Yvonne<\/h3>\nblack white NFO n 09<br\/>\nEltern:<br\/>\nVater: Svartfjellet`s Queeny<br\/>\nMutter: Deep Ocean`s Angelfish<br\/>\nGSD IV frei<br\/>\n<a href=\"http:\/\/von-der-gehlenbieke.com\/?page_id=165\">Weitere Bilder<\/a><br\/>\nStammbaum (folgt in K\u00fcrze)<br\/>\n<\/td>\n<td><img loading=\"lazy\" src=\"http:\/\/von-der-gehlenbieke.com\/wp-content\/uploads\/2019\/03\/Svartfjellets_Yvonne_01.jpg\" alt=\"\" width=\"231\" height=\"233\"><\/td>\n<\/tr>\n<\/table>\n\n\n\n<hr class=\"wp-block-separator\"\/>\n\n\n\n<table border=\"0\" width=\"80%\">\n  <colgroup>\n    <col width=\"30%\">\n    <col width=\"50%\">\n  <\/colgroup>\n<tr>\n<td><img loading=\"lazy\" src=\"http:\/\/von-der-gehlenbieke.com\/wp-content\/uploads\/2019\/03\/Pina_Colada02.jpg\" alt=\"\" width=\"231\" height=\"231\"><\/td>\n<td>\n<h3>Murphy`s Pina Colada<\/h3>\nblue-tortie<br\/>\nEltern:<br\/>\nVater: GIC + *EC Don Quijote, Felis Jubatus NFO a 09<br\/>\nMutter: Al Capone`s Frou-Frou NFO gs<br\/>\nElterntiere sind GSD IV und HCM getestet.<br\/>\n<a href=\"http:\/\/von-der-gehlenbieke.com\/?page_id=170\">Weitere Bilder<\/a><br\/>\n<a href=\"https:\/\/pawpeds.com\/db\/?a=p&#038;id=1155704&#038;g=4&#038;p=nfo&#038;o=ajgrep\" target=\"_blank\" rel=\"noopener noreferrer\">Stammbaum<\/a><br\/>\n<\/td>\n<\/tr>\n<\/table>\n\n\n\n<hr class=\"wp-block-separator\"\/>\n\n\n\n<table border=\"0\" width=\"80%\">\n  <colgroup>\n    <col width=\"50%\">\n    <col width=\"30%\">\n  <\/colgroup>\n<tr>\n<td><h3>Adriana von der Gehlen Bieke<\/h3>\namber-silber-gestromt<br\/>\nEltern:<br\/>\nVater: IC Gustav aus Broetzingen (amber smoke)<br\/>\nMutter: Lieselotte av Tromsoe (amber-tabby-white)<br\/>\nElterntiere sind GSD IV und HCM getestet.<br\/>\n<a href=\"http:\/\/von-der-gehlenbieke.com\/?page_id=181\">Weitere Bilder<\/a><br\/>\n<a href=\"https:\/\/pawpeds.com\/db\/?a=p&#038;id=955025&#038;g=4&#038;p=nfo&#038;o=ajgrep\" target=\"_blank\" rel=\"noopener noreferrer\">Stammbaum<\/a><br\/>\n<\/td>\n<td><img src=\"http:\/\/von-der-gehlenbieke.com\/wp-content\/uploads\/2019\/03\/Adriana_01.jpg\" alt=\"\">\n<\/td>\n<\/tr>\n<\/table>\n\n\n\n<hr class=\"wp-block-separator\"\/>\n\n\n\n<table border=\"0\" width=\"80%\">\n  <colgroup>\n    <col width=\"30%\">\n    <col width=\"50%\">\n  <\/colgroup>\n<tr>\n<td><img src=\"http:\/\/von-der-gehlenbieke.com\/wp-content\/uploads\/2019\/03\/Aurelia03.jpg\" alt=\"\">\n<\/td>\n<td><h3>Aurelia vom Egert<\/h3>\namber-tabby-classic-white <br\/>\nEltern:<br\/>\nVater: Vento vom Egert (amber-tabby-classic-wei\u00df)<br\/>\nMutter: Bella Blue vom Egert (blau-tabby-classic-wei\u00df)<br\/>\nGSD IV N\/N<br\/>\n<a href=\"http:\/\/von-der-gehlenbieke.com\/?page_id=195\">Weitere Bilder<\/a><br\/>\n<a href=\"https:\/\/pawpeds.com\/db\/?a=p&#038;id=1101156&#038;g=4&#038;p=nfo&#038;o=ajgrep\" target=\"_blank\" rel=\"noopener noreferrer\">Stammbaum<\/a><br\/>\n<\/td>\n<\/tr>\n<\/table>\n\n\n\n<hr class=\"wp-block-separator\"\/>\n\n\n\n<table border=\"0\" width=\"80%\">\n  <colgroup>\n    <col width=\"50%\">\n    <col width=\"30%\">\n  <\/colgroup>\n<tr>\n<td>\n<h3>Arctitiger&#8217;s Zo\u00e9 Zilvia<\/h3>\namber-silber-tabby-classic-white<br\/>\nEltern:<br\/>\nVater: IC Iros van Moraja<br\/>\nMutter: IC Arctitiger&#8217;s Yshtar<br\/>\n&#8211; GSD IV N\/N &#8211;<br\/>\n<a href=\"http:\/\/von-der-gehlenbieke.com\/?page_id=342\">Weitere Bilder<\/a><br\/>\n<a href=\"http:\/\/von-der-gehlenbieke.com\/wp-content\/uploads\/2019\/12\/Zoe-Stammbaum-1-745x1024.jpg\" target=\"_blank\" rel=\"noopener noreferrer\">Stammbaum<\/a><br\/>\n<\/td>\n<td><img src=\"http:\/\/von-der-gehlenbieke.com\/wp-content\/uploads\/2019\/06\/Zoe02.jpg\" alt=\"\"><\/td>\n<\/tr>\n<\/table>\n\n\n\n<table border=\"0\" width=\"80%\">\n  <colgroup>\n    <col width=\"30%\">\n    <col width=\"50%\">\n  <\/colgroup>\n<tr>\n<td><img src=\"http:\/\/von-der-gehlenbieke.com\/wp-content\/uploads\/2019\/09\/Kimba_04-1024x768.jpg\" alt=\"\">\n<\/td>\n<td><h3>Kimba von der Gehlen Bieke<\/h3>\nblack tabby blotched + white \/ NFO n 09 22<br\/>\nEltern:<br\/>\nVater: Lasse von der Gehlen Bieke <br\/>\nMutter: CH Jenny av Tromsoe <br\/>\n<a href=\"http:\/\/von-der-gehlenbieke.com\/?page_id=327\">Weitere Bilder<\/a><br\/><a href=\"http:\/\/von-der-gehlenbieke.com\/wp-content\/uploads\/2019\/12\/Kimba-Stammbaum-745x1024.jpg\" target=\"_blank\" rel=\"noopener noreferrer\">Stammbaum<\/a><br\/>\n<br\/>\n<\/td>\n<\/tr>\n<\/table>\n\n\n\n<table border=\"0\" width=\"80%\">\n  <colgroup>\n    <col width=\"50%\">\n    <col width=\"30%\">\n  <\/colgroup>\n<tr>\n<td>\n<h3>Yanis vom Egert<\/h3>\nlight amber tabby blotched + white \/ NFO at 09 22<br\/>\nEltern:<br\/>\nVater: Ch. Vento vom Egert<br\/>\nMutter: Kaya vom Egert<br\/>\n&#8211; GSD IV N\/N &#8211;<br\/>\n<a href=\"http:\/\/von-der-gehlenbieke.com\/?page_id=260\">Weitere Bilder<\/a><br\/>\n<a href=\"https:\/\/pawpeds.com\/db\/?a=p&#038;id=955024&#038;g=4&#038;p=nfo&#038;o=ajgrep\" target=\"_blank\" rel=\"noopener noreferrer\">Stammbaum<\/a><br\/>\n<\/td>\n<td><img src=\"http:\/\/von-der-gehlenbieke.com\/wp-content\/uploads\/2019\/09\/Yanis_11-1024x768.jpg\" alt=\"\"><\/td>\n<\/tr>\n<\/table>\n\n\n\n<table border=\"0\" width=\"80%\">\n  <colgroup>\n    <col width=\"30%\">\n    <col width=\"50%\">\n  <\/colgroup>\n<tr>\n<td><img src=\"http:\/\/von-der-gehlenbieke.com\/wp-content\/uploads\/2019\/03\/Lasse_04.jpg\" alt=\"\"><\/td>\n<td>\n<h3>Lasse von der Gehlen Bieke<\/h3>\namber smoke \/ NFO nt s<br\/>\nEltern:<br\/>\nVater: Yanis vom Egert, hell-amber-tabby-gestromt+wei\u00df<br\/>\nMutter: Adriana von der Gehlen Bieke, amber-silber-gestromt+wei\u00df<br\/>\n<a href=\"http:\/\/von-der-gehlenbieke.com\/?page_id=280\">Weitere Bilder<\/a><br\/>\n<a href=\"https:\/\/pawpeds.com\/db\/?a=p&#038;id=1101155&#038;g=4&#038;p=nfo&#038;o=ajgrep\" target=\"_blank\" rel=\"noopener noreferrer\">Stammbaum<\/a><br\/>\n<\/td>\n<\/tr>\n<\/table>\n\n\n\n<table border=\"0\" width=\"80%\">\n  <colgroup>\n    <col width=\"50%\">\n    <col width=\"30%\">\n  <\/colgroup>\n<tr>\n<td><h3>Naya Sunnadotter of Stellenbosch<\/h3>\nblack tabby mackerel \/ NFO n 23<br\/>\nEltern:<br\/>\nVater: PL* James New Moon<br\/>\nMutter: Sunna of Stellenbosch<br\/>\n<a href=\"http:\/\/von-der-gehlenbieke.com\/?page_id=683\">Weitere Bilder<\/a><br\/>\n<a href=\"https:\/\/pawpeds.com\/db\/?a=p&#038;id=1436487&#038;g=4&#038;p=nfo&#038;o=ajgrep\" target=\"_blank\" rel=\"noopener noreferrer\">Stammbaum<\/a><br\/>\n<\/td>\n<td><img src=\"http:\/\/von-der-gehlenbieke.com\/wp-content\/uploads\/2019\/09\/Naya_08-1024x768.jpg\" alt=\"\">\n<\/td>\n<\/tr>\n<\/table>\n\n\n\n<table border=\"0\" width=\"80%\">\n  <colgroup>\n    <col width=\"30%\">\n    <col width=\"50%\">\n  <\/colgroup>\n<tr>\n<td><img src=\"http:\/\/von-der-gehlenbieke.com\/wp-content\/uploads\/2019\/09\/Lisa_05-1024x768.jpg\" alt=\"\"><\/td>\n<td>\n<h3>Lisa von der Gehlen Bieke<\/h3>\namber smoke + white \/ NFO nt s 09<br\/>\nEltern:<br\/>\nVater: Yanis vom Egert<br\/>\nMutter: Folke von der Gehlen Bieke<br\/>\n<a href=\"http:\/\/von-der-gehlenbieke.com\/?page_id=352\">Weitere Bilder<\/a><br\/>\n<a href=\"https:\/\/pawpeds.com\/db\/?a=p&#038;id=1436476&#038;g=4&#038;p=nfo&#038;o=ajgrep\" target=\"_blank\" rel=\"noopener noreferrer\">Stammbaum<\/a><br\/>\n<\/td>\n<\/tr>\n<\/table>\n\n\n\n<table border=\"0\" width=\"80%\">\n  <colgroup>\n    <col width=\"50%\">\n    <col width=\"30%\">\n  <\/colgroup>\n<tr>\n<td>\n<h3>Forest Myth&#8217;s Spice &#038; Sugar<\/h3>\nschwarzschildpatt-gestr.+wei\u00df<br\/>\nEltern:<br\/>\nVater: CH. Atos am Baerenbach<br\/>\nMutter: Fiacha of Celtic Valley<br\/>\n<a href=\"http:\/\/von-der-gehlenbieke.com\/?page_id=837\">Weitere Bilder<\/a><br\/>\n<a href=\"https:\/\/pawpeds.com\/db\/?a=p&#038;id=1436477&#038;g=4&#038;p=nfo&#038;o=ajgrep\" target=\"_blank\" rel=\"noopener noreferrer\">Stammbaum<\/a><br\/>\n<\/td>\n<td><img src=\"http:\/\/von-der-gehlenbieke.com\/wp-content\/uploads\/2019\/09\/Spice_01-1024x768.jpg\" alt=\"\"><\/td>\n<\/tr>\n<\/table>\n","protected":false},"excerpt":{"rendered":"<p>Abgabe von Kastraten aus der Zucht:Kastrierte Tiere sind meistens in der Rangordnung unter den potenten Tieren, was zu Spannungen f\u00fchren&hellip; <a class=\"read-more\" href=\"http:\/\/von-der-gehlenbieke.com\/?page_id=43\">Continue Reading<\/a><\/p>\n","protected":false},"author":1,"featured_media":0,"parent":0,"menu_order":0,"comment_status":"closed","ping_status":"closed","template":"","meta":[],"_links":{"self":[{"href":"http:\/\/von-der-gehlenbieke.com\/index.php?rest_route=\/wp\/v2\/pages\/43"}],"collection":[{"href":"http:\/\/von-der-gehlenbieke.com\/index.php?rest_route=\/wp\/v2\/pages"}],"about":[{"href":"http:\/\/von-der-gehlenbieke.com\/index.php?rest_route=\/wp\/v2\/types\/page"}],"author":[{"embeddable":true,"href":"http:\/\/von-der-gehlenbieke.com\/index.php?rest_route=\/wp\/v2\/users\/1"}],"replies":[{"embeddable":true,"href":"http:\/\/von-der-gehlenbieke.com\/index.php?rest_route=%2Fwp%2Fv2%2Fcomments&post=43"}],"version-history":[{"count":33,"href":"http:\/\/von-der-gehlenbieke.com\/index.php?rest_route=\/wp\/v2\/pages\/43\/revisions"}],"predecessor-version":[{"id":2622,"href":"http:\/\/von-der-gehlenbieke.com\/index.php?rest_route=\/wp\/v2\/pages\/43\/revisions\/2622"}],"wp:attachment":[{"href":"http:\/\/von-der-gehlenbieke.com\/index.php?rest_route=%2Fwp%2Fv2%2Fmedia&parent=43"}],"curies":[{"name":"wp","href":"https:\/\/api.w.org\/{rel}","templated":true}]}}