{"id":418,"date":"2019-06-29T13:30:16","date_gmt":"2019-06-29T13:30:16","guid":{"rendered":"http:\/\/von-der-gehlenbieke.com\/?page_id=418"},"modified":"2023-09-06T13:34:42","modified_gmt":"2023-09-06T13:34:42","slug":"geschichte-der-norwegischen-waldkatze","status":"publish","type":"page","link":"http:\/\/von-der-gehlenbieke.com\/?page_id=418","title":{"rendered":"Geschichte der Norwegischen Waldkatze"},"content":{"rendered":"\n<p>In der altskandinavischen Mythologie wird die Fruchtbarkeitsg\u00f6ttin Freya h\u00e4ufig im Zusammenhang mit zwei gro\u00dfen Katzen erw\u00e4hnt, die der Norwegischen Waldkatze \u00e4hnelten; sie zogen den Wagen der G\u00f6ttin. Ebenso wird von der Zauberkatze mit dem buschigen Schwanz in vielen M\u00e4rchen und Legenden erz\u00e4hlt. Es gibt mehrere Theorien \u00fcber die Herkunft der Trollkatzen und wahrscheinlich wird man diese niemals richtig kl\u00e4ren k\u00f6nnen. Sehr wahrscheinlich haben Wikinger von ihren Reisen die ersten Zottelkatzen mit dem sanften Wesen aus Osteuropa oder Asien mitgebracht und diese haben sich, wo sie an Land gegangen waren, zu eigenst\u00e4ndigen Rassen entwickelt; in Amerika: Maine Coon, in Russland: Sibirische Katze und in Skandinavien: Norwegische Waldkatze.<br>Diese Rassen weisen diverse \u00c4hnlichkeiten auf. Die Norwegische Waldkatze geh\u00f6rt zur Gruppe der Halblanghaar-Katzen und hat sich dem Klima Skandinaviens optimal angepasst: Das Deckhaar ist wasserabweisend und h\u00e4lt somit Wasser vom K\u00f6rper fern und zum Winter entwickelt die Norwegische Waldkatze reichlich Unterwolle, die sie vor den eisigen Temperaturen sch\u00fctzt. Die Ohren sind ebenfalls gut gegen K\u00e4lte gesch\u00fctzt, denn sie sind mit \u00fcppigen Haarb\u00fcscheln ausgestattet. An den Pfoten hat sie Fellb\u00fcschel, sog. Schneeschuhe, die nicht nur w\u00e4rmen, sondern auch ein Einsinken in den Schnee verhindern. Sollte es drau\u00dfen doch zu ungem\u00fctlich werden, dann rollt sich die Waldkatze zusammen und legt ihren buschigen Schwanz um die Pfoten.<\/p>\n\n\n<p>Die meisten Rassekatzen sind das Resultat einer intensiven Zucht, hin zum Idealbild einer Katze vom Standpunkt des Menschen aus gesehen. Die Waldkatze hingegen ist nicht das Produkt z\u00fcchterischer Bem\u00fchungen des Menschen, sich seine Musterkatze zu erschaffen, sondern sie ist eine Naturrasse. Ihre Heimat sind die W\u00e4lder Skandinaviens. Dort gilt sie zum Teil auch heute noch als Bauernkatze.<\/p>\n\n<p>Seit Anfang der 70er Jahre ist die Norwegische Waldkatze bei den unabh\u00e4ngigen Vereinen und seit 1977 bei der FIF\u00e9 als eigene Rasse anerkannt.<\/p>\n\n<p>Die leicht mandelf\u00f6rmigen Augen und die Luchspinsel auf den Ohren verleihen ihr einen wildkatzen\u00e4hnlichen Ausdruck. B\u00fcschel in den Ohren, Schneeschuhe unter den Pfoten, der lange buschige Schwanz und im Winter\u00a0 die L\u00f6wenm\u00e4hne und ausgepr\u00e4gte Knickerbocker-Hosen an den Hinterbeinen sind charakteristische Merkmale der Norwegischen Waldkatze und tragen zu ihrer imposanten Erscheinung bei.<\/p>\n\n<p>Das Fell ist halblang, das wollige Unterfell wird auf dem R\u00fccken und an den Flanken von Wasser absto\u00dfendem Deckhaar \u00fcberdeckt, das aus langen, groben und gl\u00e4nzenden Grannenhaaren besteht. Die L\u00e4nge und Dichte der Unterwolle variiert mit den Jahreszeiten. Dabei ist das Fell sehr pflegeleicht. Nur w\u00e4hrend des Fellwechsels im Fr\u00fchjahr und im Herbst k\u00f6nnen sich vor allem in den Achseln und in der Pluderhose schon einmal Kn\u00f6tchen bilden. T\u00e4gliches B\u00fcrsten ist daher h\u00f6chstens w\u00e4hrend des Fellwechsels erforderlich; regelm\u00e4\u00dfige Massage- und Streicheleinheiten mit der B\u00fcrste werden aber von den meisten Norwegischen Waldkatzen sehr gesch\u00e4tzt.<\/p>\n\n<p>Durchschnittliche Katzen bringen vier bis f\u00fcnf, Kater f\u00fcnf bis sieben Kilogramm auf die Waage. Einzelne Exemplare wie unser Gustav, er wog 9,5 kg, vor allem aber Kastraten k\u00f6nnen durchaus noch um einiges schwerer werden, ohne dabei \u00fcbergewichtig zu sein.<\/p>\n\n<p>Das wilde Aussehen der &#8222;Norsk Skogkatt&#8220; t\u00e4uscht: Sie ist sehr menschenbezogen und daher auch f\u00fcr die Wohnungshaltung bestens geeignet. Ihr neugieriges und verspieltes Wesen, ihre Anpassungsf\u00e4higkeit und ihre robuste Art machen sie zu einer idealen Familienkatze. Die wenigsten Norweger sind Einzelg\u00e4nger; sie lieben Gesellschaft und sind mit anderen Katzen, egal welcher Rasse, und auch mit anderen Tieren, wie z.B. Hunden und Kaninchen, sehr vertr\u00e4glich.<\/p>\n\n<p>Wer einmal diese zauberhaften Trolle erlebt hat, wird sich ihrer Anh\u00e4nglichkeit und ihrem Charme nicht mehr entziehen k\u00f6nnen.<\/p>\n\n\n<p><\/p>\n","protected":false},"excerpt":{"rendered":"<p>In der altskandinavischen Mythologie wird die Fruchtbarkeitsg\u00f6ttin Freya h\u00e4ufig im Zusammenhang mit zwei gro\u00dfen Katzen erw\u00e4hnt, die der Norwegischen Waldkatze&hellip; <a class=\"read-more\" href=\"http:\/\/von-der-gehlenbieke.com\/?page_id=418\">Continue Reading<\/a><\/p>\n","protected":false},"author":1,"featured_media":0,"parent":0,"menu_order":0,"comment_status":"closed","ping_status":"closed","template":"","meta":[],"_links":{"self":[{"href":"http:\/\/von-der-gehlenbieke.com\/index.php?rest_route=\/wp\/v2\/pages\/418"}],"collection":[{"href":"http:\/\/von-der-gehlenbieke.com\/index.php?rest_route=\/wp\/v2\/pages"}],"about":[{"href":"http:\/\/von-der-gehlenbieke.com\/index.php?rest_route=\/wp\/v2\/types\/page"}],"author":[{"embeddable":true,"href":"http:\/\/von-der-gehlenbieke.com\/index.php?rest_route=\/wp\/v2\/users\/1"}],"replies":[{"embeddable":true,"href":"http:\/\/von-der-gehlenbieke.com\/index.php?rest_route=%2Fwp%2Fv2%2Fcomments&post=418"}],"version-history":[{"count":3,"href":"http:\/\/von-der-gehlenbieke.com\/index.php?rest_route=\/wp\/v2\/pages\/418\/revisions"}],"predecessor-version":[{"id":2640,"href":"http:\/\/von-der-gehlenbieke.com\/index.php?rest_route=\/wp\/v2\/pages\/418\/revisions\/2640"}],"wp:attachment":[{"href":"http:\/\/von-der-gehlenbieke.com\/index.php?rest_route=%2Fwp%2Fv2%2Fmedia&parent=418"}],"curies":[{"name":"wp","href":"https:\/\/api.w.org\/{rel}","templated":true}]}}