{"id":41,"date":"2019-02-24T10:20:14","date_gmt":"2019-02-24T10:20:14","guid":{"rendered":"http:\/\/von-der-gehlenbieke.com\/?page_id=41"},"modified":"2026-03-15T13:41:25","modified_gmt":"2026-03-15T13:41:25","slug":"kitten","status":"publish","type":"page","link":"http:\/\/von-der-gehlenbieke.com\/?page_id=41","title":{"rendered":"Kitten"},"content":{"rendered":"\n<hr class=\"wp-block-separator\"\/>\n\n\n\n<p>Wir erwarten Babys aus einer bekannten Verpaarung und einer\u00a0Neu-Verpaarung! Lassen Sie sich \u00fcberraschen&#8230;&#8230;<\/p>\n\n\n\n<p>Unsere Interessenten werden selbstverst\u00e4ndlich als erste informiert, bevor wir die W\u00fcrfe im Internet pr\u00e4sentieren, wo sie erfahrungsgem\u00e4\u00df schnell eine neue Familie finden!<\/p>\n\n\n\n<p>&#8222;Fr\u00fcher vor der Corona-Krise war alles anders&#8230;&#8230;..&#8220;<br>Unsere bisherigen Erfahrungen&nbsp;mit unseren Interessenten waren alle sehr sch\u00f6n,&nbsp;vor, in und nach der Corona-Krise!&nbsp;Wir bekommen Fotos, Videos und Berichte, wie es den Waldtrollen in ihren neuen Familien geht, dar\u00fcber freuen wir uns nat\u00fcrlich immer.&nbsp;<br><strong><em>Leider hat sich in diesem Jahr eine Unart eingeschlichen, die ich kommentieren m\u00f6chte.&nbsp;<\/em><\/strong><br>Viele unserer Interessenten haben sich bei mehreren Z\u00fcchtern f\u00fcr Babys oder unvermittelte Jungtiere aus dem*n letzten Jahr*en beworben. Das ist sehr gut und ich freue mich f\u00fcr die Interessenten, so schnell ein neues Familienmitglied bekommen zu haben.<br>Leider ist diese Situation f\u00fcr Interessenten, die sich zu einem sp\u00e4teren Zeitpunkt f\u00fcr Babys beworben haben nicht sch\u00f6n, wenn sich die zuerst informierten Interessenten nicht zur\u00fcckmelden und Bescheid geben, dass sie in einer anderen Cattery f\u00fcndig geworden sind.&nbsp;<br>Das Gleiche gilt f\u00fcr die Anfragen von Interessenten, die wegen alter oder erkrankter Senioren keine Babys dazu setzen m\u00f6chten, wo ein neues Familienmitglied gerade nicht pa\u00dft wegen Arbeitsstelle, Krankheit, Hausneubau, ein Baby ist angekommen, man m\u00f6chte noch warten oder es ist nichts passendes dabei.&nbsp;<br>Das ist nicht schlimm, aber unsere sp\u00e4ter anfragenden Interessenten k\u00f6nnen so nicht \u00fcber alle noch freien Babys verf\u00fcgen.<br><em><strong>Deshalb meine Bitte:&nbsp;<\/strong><\/em><br><em><strong>Schreiben Sie uns eine kurze Mail und teilen mit, dass Sie anderweitig ein Kitten oder eine Katze gekauft haben.<\/strong><\/em><\/p>\n\n\n\n<p><strong><em>Vielen Dank!<\/em><\/strong><\/p>\n\n\n\n<hr class=\"wp-block-separator\"\/>\n\n\n\n<figure class=\"wp-block-table is-style-stripes\"><table><tbody><tr><td><em><strong>St<\/strong><\/em><strong style=\"font-style: italic;\">atus<\/strong><strong><em><strong>:<\/strong><\/em><\/strong><\/td><td><\/td><\/tr><tr><td><strong><em>frei<\/em><\/strong>:<\/td><td>ich bin noch zu haben!<\/td><\/tr><tr><td><em><strong>vorl\u00e4ufig reserviert:<\/strong><\/em>&nbsp;<\/td><td>Es gibt Interessenten, aber es ist noch alles offen;&nbsp;<strong>Anfragen sind jederzeit willkommen!<\/strong><\/td><\/tr><tr><td><em><strong>reserviert:<\/strong><\/em>&nbsp;<\/td><td>Ein Interessent hat sich entschieden, aber es wurde noch kein Vertrag unterzeichnet.<\/td><\/tr><tr><td><em><strong>vergeben:<\/strong><\/em><\/td><td>Es wurde ein Vertrag abgeschlossen und eine Anzahlung geleistet.<\/td><\/tr><tr><td><\/td><td><strong>Wir reservieren unsere Babys bis zur 6. Woche ohne Reservierungsgeb\u00fchr!<\/strong><\/td><\/tr><\/tbody><\/table><\/figure>\n\n\n\n<hr class=\"wp-block-separator\"\/>\n\n\n\n<figure class=\"wp-block-table is-style-stripes\"><table><tbody><tr><td><strong>L2-Wurf<\/strong> (<a href=\"http:\/\/von-der-gehlenbieke.com\/?page_id=3061\" data-type=\"page\" data-id=\"3061\">Bilder<\/a>)<br>geb. am : &nbsp;24.09.2025<br>Eltern : PL*Forest Eyes Nasger &amp; DE Eyra Jonsdottir von der Gehlen Bieke<\/td><\/tr><\/tbody><\/table><\/figure>\n\n\n\n<figure class=\"wp-block-table\"><table><tbody><tr><td><strong>Ludvig Yngve von der Gehlen Bieke<\/strong><\/td><td class=\"has-text-align-center\" data-align=\"center\"><img loading=\"lazy\" width=\"1011\" height=\"1610\" class=\"wp-image-3066\" style=\"width: 150px;\" src=\"http:\/\/von-der-gehlenbieke.com\/wp-content\/uploads\/2025\/12\/Ludvig_Yngve_01.jpg\" alt=\"\" srcset=\"http:\/\/von-der-gehlenbieke.com\/wp-content\/uploads\/2025\/12\/Ludvig_Yngve_01.jpg 1011w, http:\/\/von-der-gehlenbieke.com\/wp-content\/uploads\/2025\/12\/Ludvig_Yngve_01-188x300.jpg 188w, http:\/\/von-der-gehlenbieke.com\/wp-content\/uploads\/2025\/12\/Ludvig_Yngve_01-643x1024.jpg 643w, http:\/\/von-der-gehlenbieke.com\/wp-content\/uploads\/2025\/12\/Ludvig_Yngve_01-768x1223.jpg 768w, http:\/\/von-der-gehlenbieke.com\/wp-content\/uploads\/2025\/12\/Ludvig_Yngve_01-965x1536.jpg 965w\" sizes=\"(max-width: 1011px) 100vw, 1011px\" \/><\/td><td>Kater<\/td><td>amber tabby blotched white NFO nt 09 22<\/td><td>lebt in M\u00fcnster<\/td><\/tr><tr><td><strong>Leif Sixten von der Gehlen Bieke<\/strong><\/td><td class=\"has-text-align-center\" data-align=\"center\"><img loading=\"lazy\" width=\"2096\" height=\"2009\" class=\"wp-image-3089\" style=\"width: 150px;\" src=\"http:\/\/von-der-gehlenbieke.com\/wp-content\/uploads\/2025\/12\/Leif_Sixten_02.jpg\" alt=\"\" srcset=\"http:\/\/von-der-gehlenbieke.com\/wp-content\/uploads\/2025\/12\/Leif_Sixten_02.jpg 2096w, http:\/\/von-der-gehlenbieke.com\/wp-content\/uploads\/2025\/12\/Leif_Sixten_02-300x288.jpg 300w, http:\/\/von-der-gehlenbieke.com\/wp-content\/uploads\/2025\/12\/Leif_Sixten_02-1024x981.jpg 1024w, http:\/\/von-der-gehlenbieke.com\/wp-content\/uploads\/2025\/12\/Leif_Sixten_02-768x736.jpg 768w, http:\/\/von-der-gehlenbieke.com\/wp-content\/uploads\/2025\/12\/Leif_Sixten_02-1536x1472.jpg 1536w, http:\/\/von-der-gehlenbieke.com\/wp-content\/uploads\/2025\/12\/Leif_Sixten_02-2048x1963.jpg 2048w\" sizes=\"(max-width: 2096px) 100vw, 2096px\" \/><\/td><td>Kater<\/td><td>amber tabby blotched white NFO nt 09 22<\/td><td>lebt mit Lasse in Duisburg<\/td><\/tr><tr><td><strong>Lasse Vito<\/strong><\/td><td class=\"has-text-align-center\" data-align=\"center\"><img loading=\"lazy\" width=\"1441\" height=\"2560\" class=\"wp-image-3081\" style=\"width: 150px;\" src=\"http:\/\/von-der-gehlenbieke.com\/wp-content\/uploads\/2025\/12\/Lasse_Vito_01-scaled.jpg\" alt=\"\" srcset=\"http:\/\/von-der-gehlenbieke.com\/wp-content\/uploads\/2025\/12\/Lasse_Vito_01-scaled.jpg 1441w, http:\/\/von-der-gehlenbieke.com\/wp-content\/uploads\/2025\/12\/Lasse_Vito_01-169x300.jpg 169w, http:\/\/von-der-gehlenbieke.com\/wp-content\/uploads\/2025\/12\/Lasse_Vito_01-576x1024.jpg 576w, http:\/\/von-der-gehlenbieke.com\/wp-content\/uploads\/2025\/12\/Lasse_Vito_01-768x1365.jpg 768w, http:\/\/von-der-gehlenbieke.com\/wp-content\/uploads\/2025\/12\/Lasse_Vito_01-865x1536.jpg 865w, http:\/\/von-der-gehlenbieke.com\/wp-content\/uploads\/2025\/12\/Lasse_Vito_01-1153x2048.jpg 1153w\" sizes=\"(max-width: 1441px) 100vw, 1441px\" \/><\/td><td>Kater<\/td><td>amber tabby blotched white NFO nt 09 22<\/td><td>lebt mit Leif in Duisburg<\/td><\/tr><tr><td><strong>Linnea Tove<\/strong><\/td><td class=\"has-text-align-center\" data-align=\"center\"><img loading=\"lazy\" width=\"1838\" height=\"2560\" class=\"wp-image-3076\" style=\"width: 150px;\" src=\"http:\/\/von-der-gehlenbieke.com\/wp-content\/uploads\/2025\/12\/Linnea_Tove_04-scaled.jpg\" alt=\"\" srcset=\"http:\/\/von-der-gehlenbieke.com\/wp-content\/uploads\/2025\/12\/Linnea_Tove_04-scaled.jpg 1838w, http:\/\/von-der-gehlenbieke.com\/wp-content\/uploads\/2025\/12\/Linnea_Tove_04-215x300.jpg 215w, http:\/\/von-der-gehlenbieke.com\/wp-content\/uploads\/2025\/12\/Linnea_Tove_04-735x1024.jpg 735w, http:\/\/von-der-gehlenbieke.com\/wp-content\/uploads\/2025\/12\/Linnea_Tove_04-768x1070.jpg 768w, http:\/\/von-der-gehlenbieke.com\/wp-content\/uploads\/2025\/12\/Linnea_Tove_04-1103x1536.jpg 1103w, http:\/\/von-der-gehlenbieke.com\/wp-content\/uploads\/2025\/12\/Linnea_Tove_04-1470x2048.jpg 1470w\" sizes=\"(max-width: 1838px) 100vw, 1838px\" \/><\/td><td>Katze<\/td><td>amber tabby blotched white<\/td><td>Linnea lebt in Delmenhorst<\/td><\/tr><\/tbody><\/table><figcaption>*Farben und Geschlechter unter Vorbehalt, keine Gew\u00e4hr!<\/figcaption><\/figure>\n\n\n\n<hr class=\"wp-block-separator\"\/>\n\n\n\n<figure class=\"wp-block-table is-style-stripes\"><table><tbody><tr><td><strong>K2-Wurf<\/strong> (<a href=\"http:\/\/von-der-gehlenbieke.com\/?page_id=2872\">Bilder<\/a>)<br>geb. am : &nbsp;13.02.2025<br>Eltern : Jette Anadotter von der Gehlen Bieke, light amber smoke und Snorre av Veidefolk, red tabby blotched white\/amber carrier<\/td><\/tr><\/tbody><\/table><\/figure>\n\n\n\n<figure class=\"wp-block-table\"><table><tbody><tr><td><strong>Kalle Hajo<\/strong><\/td><td class=\"has-text-align-center\" data-align=\"center\"><img loading=\"lazy\" width=\"240\" height=\"320\" class=\"wp-image-2924\" style=\"width: 150px;\" src=\"http:\/\/von-der-gehlenbieke.com\/wp-content\/uploads\/2025\/04\/KalleHajo01-rotated.jpg\" alt=\"\" srcset=\"http:\/\/von-der-gehlenbieke.com\/wp-content\/uploads\/2025\/04\/KalleHajo01-rotated.jpg 240w, http:\/\/von-der-gehlenbieke.com\/wp-content\/uploads\/2025\/04\/KalleHajo01-225x300.jpg 225w\" sizes=\"(max-width: 240px) 100vw, 240px\" \/><\/td><td>Kater<\/td><td>amber tabby blotched white<\/td><td>frei<\/td><\/tr><tr><td><strong>Keno Gunnar&nbsp;<\/strong><\/td><td class=\"has-text-align-center\" data-align=\"center\"><img loading=\"lazy\" width=\"240\" height=\"320\" class=\"wp-image-2884\" style=\"width: 150px;\" src=\"http:\/\/von-der-gehlenbieke.com\/wp-content\/uploads\/2025\/04\/KenoGunnar01-rotated.jpg\" alt=\"\" srcset=\"http:\/\/von-der-gehlenbieke.com\/wp-content\/uploads\/2025\/04\/KenoGunnar01-rotated.jpg 240w, http:\/\/von-der-gehlenbieke.com\/wp-content\/uploads\/2025\/04\/KenoGunnar01-225x300.jpg 225w\" sizes=\"(max-width: 240px) 100vw, 240px\" \/><\/td><td>Kater<\/td><td>amber tabby blotched&nbsp;<\/td><td>lebt mit Jesper Tjark in Leopoldsh\u00f6he<\/td><\/tr><tr><td><strong>Kassie Hedda&nbsp;&nbsp;<\/strong><\/td><td class=\"has-text-align-center\" data-align=\"center\"><img loading=\"lazy\" width=\"240\" height=\"320\" class=\"wp-image-2875\" style=\"width: 150px;\" src=\"http:\/\/von-der-gehlenbieke.com\/wp-content\/uploads\/2025\/04\/KassieHedda01-rotated.jpg\" alt=\"\" srcset=\"http:\/\/von-der-gehlenbieke.com\/wp-content\/uploads\/2025\/04\/KassieHedda01-rotated.jpg 240w, http:\/\/von-der-gehlenbieke.com\/wp-content\/uploads\/2025\/04\/KassieHedda01-225x300.jpg 225w\" sizes=\"(max-width: 240px) 100vw, 240px\" \/><\/td><td>Katze<\/td><td>black tortie white&nbsp;&nbsp;&nbsp;&nbsp;&nbsp;&nbsp;<\/td><td>lebt mit Joergen Mika in Hildesheim<\/td><\/tr><\/tbody><\/table><figcaption>*Farben und Geschlechter unter Vorbehalt, keine Gew\u00e4hr!<\/figcaption><\/figure>\n\n\n\n<hr class=\"wp-block-separator\"\/>\n\n\n\n<figure class=\"wp-block-table is-style-stripes\"><table><tbody><tr><td><strong>J2-Wurf<\/strong> (<a href=\"http:\/\/von-der-gehlenbieke.com\/?page_id=2890\">Bilder<\/a>)<br>geb. am : &nbsp;05.02.2025<br>Eltern :&nbsp;Birga Mareth von der Gehlen Bieke, amber tabby blotched white und Snorre av Veidefolk, red tabby blotched white\/amber carrier<\/td><\/tr><\/tbody><\/table><\/figure>\n\n\n\n<figure class=\"wp-block-table\"><table><tbody><tr><td><strong>Jonas Liam<\/strong><\/td><td class=\"has-text-align-center\" data-align=\"center\"><img loading=\"lazy\" width=\"240\" height=\"320\" class=\"wp-image-2904\" style=\"width: 150px;\" src=\"http:\/\/von-der-gehlenbieke.com\/wp-content\/uploads\/2025\/04\/JonasLiam01-rotated.jpg\" alt=\"\" srcset=\"http:\/\/von-der-gehlenbieke.com\/wp-content\/uploads\/2025\/04\/JonasLiam01-rotated.jpg 240w, http:\/\/von-der-gehlenbieke.com\/wp-content\/uploads\/2025\/04\/JonasLiam01-225x300.jpg 225w\" sizes=\"(max-width: 240px) 100vw, 240px\" \/><\/td><td>Kater<\/td><td>amber tabby blotched&nbsp;<\/td><td>lebt mit Jonte Skr\u00f4llan in Trier<\/td><\/tr><tr><td><strong>Joergen Mika<\/strong><\/td><td class=\"has-text-align-center\" data-align=\"center\"><img loading=\"lazy\" width=\"1441\" height=\"2560\" class=\"wp-image-2961\" style=\"width: 150px;\" src=\"http:\/\/von-der-gehlenbieke.com\/wp-content\/uploads\/2025\/04\/JoergenMika01-scaled.jpg\" alt=\"\" srcset=\"http:\/\/von-der-gehlenbieke.com\/wp-content\/uploads\/2025\/04\/JoergenMika01-scaled.jpg 1441w, http:\/\/von-der-gehlenbieke.com\/wp-content\/uploads\/2025\/04\/JoergenMika01-169x300.jpg 169w, http:\/\/von-der-gehlenbieke.com\/wp-content\/uploads\/2025\/04\/JoergenMika01-576x1024.jpg 576w, http:\/\/von-der-gehlenbieke.com\/wp-content\/uploads\/2025\/04\/JoergenMika01-768x1365.jpg 768w, http:\/\/von-der-gehlenbieke.com\/wp-content\/uploads\/2025\/04\/JoergenMika01-865x1536.jpg 865w, http:\/\/von-der-gehlenbieke.com\/wp-content\/uploads\/2025\/04\/JoergenMika01-1153x2048.jpg 1153w\" sizes=\"(max-width: 1441px) 100vw, 1441px\" \/><\/td><td>Kater<\/td><td>blue white<\/td><td>lebt mit Kassie Hedda in Hildesheim<\/td><\/tr><tr><td><strong>Jamiroquai Nils<\/strong><\/td><td class=\"has-text-align-center\" data-align=\"center\"><img loading=\"lazy\" width=\"240\" height=\"320\" class=\"wp-image-2898\" style=\"width: 150px;\" src=\"http:\/\/von-der-gehlenbieke.com\/wp-content\/uploads\/2025\/04\/JamiroquaiNils01-rotated.jpg\" alt=\"\" srcset=\"http:\/\/von-der-gehlenbieke.com\/wp-content\/uploads\/2025\/04\/JamiroquaiNils01-rotated.jpg 240w, http:\/\/von-der-gehlenbieke.com\/wp-content\/uploads\/2025\/04\/JamiroquaiNils01-225x300.jpg 225w\" sizes=\"(max-width: 240px) 100vw, 240px\" \/><\/td><td>Kater<\/td><td>amber tabby blotched<\/td><td>lebt mit Haakon, Halvar und Imer\u00a0in Bornheim<\/td><\/tr><tr><td><strong>Jesper Tjark<\/strong><\/td><td class=\"has-text-align-center\" data-align=\"center\"><img loading=\"lazy\" width=\"240\" height=\"320\" class=\"wp-image-2916\" style=\"width: 150px;\" src=\"http:\/\/von-der-gehlenbieke.com\/wp-content\/uploads\/2025\/04\/JesperTjark01-rotated.jpg\" alt=\"\" srcset=\"http:\/\/von-der-gehlenbieke.com\/wp-content\/uploads\/2025\/04\/JesperTjark01-rotated.jpg 240w, http:\/\/von-der-gehlenbieke.com\/wp-content\/uploads\/2025\/04\/JesperTjark01-225x300.jpg 225w\" sizes=\"(max-width: 240px) 100vw, 240px\" \/><\/td><td>Kater<\/td><td>black tabby blotched white&nbsp;&nbsp;<\/td><td>lebt mit Keno Gunnar in Leopoldsh\u00f6he<\/td><\/tr><tr><td><strong>Jonte Skr\u00f4llan&nbsp;<\/strong><\/td><td class=\"has-text-align-center\" data-align=\"center\"><img loading=\"lazy\" width=\"240\" height=\"320\" class=\"wp-image-2910\" style=\"width: 150px;\" src=\"http:\/\/von-der-gehlenbieke.com\/wp-content\/uploads\/2025\/04\/JonteSkrollan01-rotated.jpg\" alt=\"\" srcset=\"http:\/\/von-der-gehlenbieke.com\/wp-content\/uploads\/2025\/04\/JonteSkrollan01-rotated.jpg 240w, http:\/\/von-der-gehlenbieke.com\/wp-content\/uploads\/2025\/04\/JonteSkrollan01-225x300.jpg 225w\" sizes=\"(max-width: 240px) 100vw, 240px\" \/><\/td><td>Katze<\/td><td>light amber tortie blotched white with white tip tail<\/td><td>lebt mit Jonas Liam in Trier<\/td><\/tr><tr><td><strong>Julieta Malin<\/strong><\/td><td class=\"has-text-align-center\" data-align=\"center\"><img loading=\"lazy\" width=\"1920\" height=\"2560\" class=\"wp-image-2978\" style=\"width: 150px;\" src=\"http:\/\/von-der-gehlenbieke.com\/wp-content\/uploads\/2025\/04\/JulietaMalin01-scaled.jpg\" alt=\"\" srcset=\"http:\/\/von-der-gehlenbieke.com\/wp-content\/uploads\/2025\/04\/JulietaMalin01-scaled.jpg 1920w, http:\/\/von-der-gehlenbieke.com\/wp-content\/uploads\/2025\/04\/JulietaMalin01-225x300.jpg 225w, http:\/\/von-der-gehlenbieke.com\/wp-content\/uploads\/2025\/04\/JulietaMalin01-768x1024.jpg 768w, http:\/\/von-der-gehlenbieke.com\/wp-content\/uploads\/2025\/04\/JulietaMalin01-1152x1536.jpg 1152w, http:\/\/von-der-gehlenbieke.com\/wp-content\/uploads\/2025\/04\/JulietaMalin01-1536x2048.jpg 1536w\" sizes=\"(max-width: 1920px) 100vw, 1920px\" \/><\/td><td>Katze<\/td><td>blue tortie white&nbsp;&nbsp;&nbsp;&nbsp;&nbsp;<\/td><td>lebt in Aachen<\/td><\/tr><tr><td><strong>J\u00f4rdis Lilly&nbsp;<\/strong><\/td><td class=\"has-text-align-center\" data-align=\"center\"><img loading=\"lazy\" width=\"1153\" height=\"2048\" class=\"wp-image-3010\" style=\"width: 150px;\" src=\"http:\/\/von-der-gehlenbieke.com\/wp-content\/uploads\/2025\/08\/JoerdisLilly03.jpg\" alt=\"\" srcset=\"http:\/\/von-der-gehlenbieke.com\/wp-content\/uploads\/2025\/08\/JoerdisLilly03.jpg 1153w, http:\/\/von-der-gehlenbieke.com\/wp-content\/uploads\/2025\/08\/JoerdisLilly03-169x300.jpg 169w, http:\/\/von-der-gehlenbieke.com\/wp-content\/uploads\/2025\/08\/JoerdisLilly03-577x1024.jpg 577w, http:\/\/von-der-gehlenbieke.com\/wp-content\/uploads\/2025\/08\/JoerdisLilly03-768x1364.jpg 768w, http:\/\/von-der-gehlenbieke.com\/wp-content\/uploads\/2025\/08\/JoerdisLilly03-865x1536.jpg 865w\" sizes=\"(max-width: 1153px) 100vw, 1153px\" \/><\/td><td>Katze<\/td><td>black tabby blotched&nbsp;&nbsp;&nbsp;&nbsp;&nbsp;&nbsp;&nbsp;<\/td><td>lebt in Bielefeld<\/td><\/tr><\/tbody><\/table><figcaption>*Farben und Geschlechter unter Vorbehalt, keine Gew\u00e4hr!<\/figcaption><\/figure>\n\n\n\n<hr class=\"wp-block-separator\"\/>\n\n\n\n<hr class=\"wp-block-separator\"\/>\n\n\n\n<hr class=\"wp-block-separator\"\/>\n\n\n\n<hr class=\"wp-block-separator\"\/>\n\n\n\n<p>Bei Interesse rufen Sie uns gerne an oder schicken eine <a href=\"mailto:norweger@von-der-gehlenbieke.de\">E-mail<\/a>.<\/p>\n\n\n\n<hr class=\"wp-block-separator\"\/>\n\n\n\n<p><strong>Eine gro\u00dfe Bitte haben wir jedoch an alle Interessenten:<\/strong> Bitte betreiben Sie kein Cattery-Hopping! Selbstverst\u00e4ndlich k\u00f6nnen Sie ruhig mehrere Z\u00fcchter besuchen. Diese Besuche sollten jedoch im Interesse der Kitten auf mehrere Tage verteilt sein. Unter Umst\u00e4nden tragen Sie sonst unbemerkt Keime an Ihrer Kleidung oder unter Ihren Schuhen von einer Cattery zur anderen, die den Babies zum Verh\u00e4ngnis werden k\u00f6nnen. Bitte bedenken Sie dies bei der Terminabsprache!<\/p>\n\n\n\n<hr class=\"wp-block-separator\"\/>\n\n\n\n<p>Ab sofort suchen wir verantwortungsvolle Familien f\u00fcr unsere entz\u00fcckenden Waldtrolle.<br>Unsere K\u00e4tzchen sind geimpft gegen Katzenschnupfen und -seuche, Chlamydien, Leukose, sie sind mit einem Mikrochip versehen, womit sie bei TASSO gemeldet werden, sie bekommen den EU-Impf-Ausweis und erhalten einen FIF\u00e9 Stammbaum. Ein Futterpaket und Spielzeug geben wir selbstverst\u00e4ndlich auch mit auf den Weg. <strong>Tollwut-Impfung auf Wunsch gegen Aufpreis!<\/strong><br>Die Eltern sind auf m\u00f6gliche Erbkrankheiten negativ getestet!<br>Lernen Sie unsere K\u00e4tzchen und ihre Eltern und Gro\u00dfeltern bei uns in Natura kennen.&nbsp;<\/p>\n\n\n\n<hr class=\"wp-block-separator\"\/>\n\n\n\n<p>Der Preis bezieht sich f\u00fcr ein Kitten als Liebhabertier.<br>F\u00fcr eine Preisanfrage zu einem Kitten, das in ihre Zucht gehen soll, bitten wir um einen pers\u00f6nlichen Kontakt, da vorab einige Fragen gekl\u00e4rt werden m\u00fcssten.<br>Reine Preisanfragen werden nicht beantwortet.<\/p>\n\n\n\n<p>Im Moment ist es &#8222;in Mode&#8220; Termine zu vereinbaren und sie dann nicht einzuhalten und auch nicht abzusagen, deshalb bitten wir darum, wenigstens abzusagen, damit andere Interessenten die M\u00f6glichkeit haben, die Kitten kennenzulernen.<br><br>Aufgrund nicht so sch\u00f6ner Erfahrungen nehmen wir keine m\u00fcndlichen Reservierungen mehr entgegen.<br><br>Eine Reservierung ist gegen eine Reservierungsgeb\u00fchr m\u00f6glich, die bei Abholung auf den Kaufpreis angerechnet wird. Bei Nichtabholung wird die Reservierungsgeb\u00fchr als Aufwandsentsch\u00e4digung gerechnet und einbehalten, weil in der Zeit keine anderen Interessenten die M\u00f6glichkeit gehabt haben, sich f\u00fcr dieses Kitten zu &#8222;bewerben!&#8220;<\/p>\n\n\n\n<p><strong>Ein Wort zur Fr\u00fchkastration: Wir machen seit vielen Jahren die Fr\u00fchkastration und sind sehr gut damit gefahren, die Kitten stecken diese OP schnell weg und springen nachmittags schon wieder munter herum, im Gegensatz zu den \u00e4lteren Katzen. Wir behalten uns vor, bei einem Kitten als Liebhabertier, dieses nur kastriert abzugeben. Die daf\u00fcr jeweils anfallenden Kosten m\u00fcssten dann gesondert vom K\u00e4ufer getragen werden. Kastrationen zu einem sp\u00e4teren Zeitpunkt werden gern &#8222;vergessen&#8220;, obwohl der K\u00e4ufer das im Kaufvertrag unterschrieben hat. Um eventuellen Problemen bei einer sp\u00e4teren Kastration aus dem Weg zu gehen, lassen wir das lieber bei unserer erfahrenen Tierarztpraxis durchf\u00fchren, damit sich der K\u00e4ufer sp\u00e4ter nicht unn\u00fctze Sorgen machen mu\u00df.<\/strong><\/p>\n\n\n\n<hr class=\"wp-block-separator\"\/>\n\n\n\n<p><strong>Unsere Katze &#8222;Skr\u00f4llan von der Gehlen Bieke&#8220; hat leider kein sch\u00f6nes, liebevolles, neues Zuhause gefunden! <\/strong><br><strong><a href=\"http:\/\/von-der-gehlenbieke.com\/?page_id=653\">Klicken Sie hier, um mehr zu erfahren<\/a><\/strong><\/p>\n\n\n\n<hr class=\"wp-block-separator\"\/>\n\n\n\n<p>Die Katzenbabies wachsen mit uns im Haus auf und sind gro\u00dfe Hunde und normale Haushaltsger\u00e4usche gew\u00f6hnt. Sollten Sie Interesse an einem der Kitten haben, so freue ich mich auf eine Kontaktaufnahme! Reservierungen sind erst fr\u00fchestens ab der 9. Lebenswoche m\u00f6glich, da ich der Meinung bin, dass auch der Charakter eine wesentliche Rolle bei einem neuen Familienmitglied spielen soll. Manche Kitten sind absolute Draufg\u00e4nger, wo ich mir als Z\u00fcchter Sorgen mache, dass nichts passiert \u2013 das Gegenteil dazu sind wiederum die Ruhigeren, die erst richtig auftauen, wenn die Draufg\u00e4nger nicht mehr hier sind.&nbsp;<\/p>\n\n\n\n<p>Anfragen sind jederzeit willkommen und ich stehe f\u00fcr Hilfestellung selbstverst\u00e4ndlich bereit! Falls Sie \u00fcberlegen, eine Zucht aufzubauen, sagen Sie uns fr\u00fch genug Bescheid! Das Kitten w\u00fcrde dann nicht fr\u00fchkastriert und auf Wunsch stehe ich Neuz\u00fcchtern gern als Mentor beratend zur Seite, so wie ich es durch die Z\u00fcchterin meiner 1. Zuchtkatze erfahren durfte, wof\u00fcr ich ihr sehr dankbar gewesen bin.&nbsp;<br><\/p>\n\n\n\n<p>Sie werden nicht in Einzelhaltung gegeben und nicht in ungesicherten Freigang!<\/p>\n\n\n\n<p>Da meine Norweger sich nicht wirklich wehren, indem sie kratzen oder bei\u00dfen, gebe ich sie nur in Familien mit einf\u00fchlsam erzogenen Kindern ab. Ein Tier soll kein Spielzeug und Zeitvertreib sein, sondern mit Liebe und Respekt behandelt werden.<\/p>\n\n\n\n<p>Unsere Kitten stehen von Geburt an unter tier\u00e4rztlicher Obhut unserer Gro\u00df- und Kleintierpraxis Dr. Janowitz &amp; Mitarbeiter, die nur ein paar Minuten von uns entfernt liegt.<br>Es ist ein empfehlenswertes, tolles Team, das sich immer Zeit f\u00fcr die kleinen und gro\u00dfen Probleme unserer Katzen nimmt und mir beim Export unserer Katzenkinder mit Rat und Tat zur Seite steht!&nbsp;<br><\/p>\n\n\n\n<p><em>Wenn eins unserer Kitten unser Haus verl\u00e4\u00dft\u2026\u2026\u2026.<\/em><\/p>\n\n\n\n<ul><li><em>hat es die 16. Lebenswoche vollendet<\/em><\/li><li><em>ist es nat\u00fcrlich stubenrein<\/em><\/li><li><em>wurde es&nbsp;2x gegen Katzenseuche, Katzenschnupfen, Chlamydien und Leukose geimpft<\/em><\/li><li><em>Liebhaberkitten werden nur kastriert abgegeben&nbsp;<\/em><\/li><li><em>bekommt es einen&nbsp; Microchip mit EU-Pet Passport zur Anmeldung bei TASSO<\/em><\/li><li><em>wird es liebevoll und unter Kontrolle meiner Tier\u00e4rzte aufgezogen<\/em><\/li><li><em>kennt es Kinder und gro\u00dfe Hunde<\/em><\/li><li><em>kennt es alle typischen Haushaltsger\u00e4usche<\/em><\/li><li><em>bekommt es ein Kitten-Starterpaket mit dem gewohnten Futter&nbsp;<\/em><\/li><li><em>hat es selbstverst\u00e4ndlich einen Stammbaum vom 1. DEKZV e.V.\/FIF\u00e9<\/em><\/li><li><em>Liebhaberpreise&nbsp;<\/em><em>richten sich nach der Farbe, normale Farben 1100,\u2013 \u20ac, amber 1300,\u2013 \u20ac und wei\u00dfe Katzen 1500,\u2013 \u20ac<\/em><\/li><li><em>der Zuchtpreis ist auf Anfrage&nbsp;(Preise f\u00fcr die wei\u00dfen Katzen und Zuchtanfragen bitte telefonisch)<\/em><\/li><\/ul>\n\n\n\n<p>Nach dem Auszug freue ich mich, wenn der Kontakt bestehen bleibt und&nbsp;ab und zu neue Bilder gesendet werden.<\/p>\n\n\n\n<p>Ich stehe nat\u00fcrlich mit Rat und Tat jederzeit zur Verf\u00fcgung, nach dem Kauf lasse ich Sie nicht alleine<em>.<\/em><\/p>\n\n\n\n<p><\/p>\n","protected":false},"excerpt":{"rendered":"<p>Wir erwarten Babys aus einer bekannten Verpaarung und einer\u00a0Neu-Verpaarung! Lassen Sie sich \u00fcberraschen&#8230;&#8230; Unsere Interessenten werden selbstverst\u00e4ndlich als erste informiert,&hellip; <a class=\"read-more\" href=\"http:\/\/von-der-gehlenbieke.com\/?page_id=41\">Continue Reading<\/a><\/p>\n","protected":false},"author":1,"featured_media":0,"parent":0,"menu_order":0,"comment_status":"closed","ping_status":"closed","template":"","meta":[],"_links":{"self":[{"href":"http:\/\/von-der-gehlenbieke.com\/index.php?rest_route=\/wp\/v2\/pages\/41"}],"collection":[{"href":"http:\/\/von-der-gehlenbieke.com\/index.php?rest_route=\/wp\/v2\/pages"}],"about":[{"href":"http:\/\/von-der-gehlenbieke.com\/index.php?rest_route=\/wp\/v2\/types\/page"}],"author":[{"embeddable":true,"href":"http:\/\/von-der-gehlenbieke.com\/index.php?rest_route=\/wp\/v2\/users\/1"}],"replies":[{"embeddable":true,"href":"http:\/\/von-der-gehlenbieke.com\/index.php?rest_route=%2Fwp%2Fv2%2Fcomments&post=41"}],"version-history":[{"count":204,"href":"http:\/\/von-der-gehlenbieke.com\/index.php?rest_route=\/wp\/v2\/pages\/41\/revisions"}],"predecessor-version":[{"id":3113,"href":"http:\/\/von-der-gehlenbieke.com\/index.php?rest_route=\/wp\/v2\/pages\/41\/revisions\/3113"}],"wp:attachment":[{"href":"http:\/\/von-der-gehlenbieke.com\/index.php?rest_route=%2Fwp%2Fv2%2Fmedia&parent=41"}],"curies":[{"name":"wp","href":"https:\/\/api.w.org\/{rel}","templated":true}]}}