{"id":3046,"date":"2025-10-21T07:41:42","date_gmt":"2025-10-21T07:41:42","guid":{"rendered":"http:\/\/von-der-gehlenbieke.com\/?page_id=3046"},"modified":"2025-10-21T07:49:04","modified_gmt":"2025-10-21T07:49:04","slug":"fortbildung-fuer-katzen-zuechter","status":"publish","type":"page","link":"http:\/\/von-der-gehlenbieke.com\/?page_id=3046","title":{"rendered":"Fortbildung f\u00fcr Katzen-Z\u00fcchter"},"content":{"rendered":"\n<h3>&#8222;Genetikseminar f\u00fcr Katzenz\u00fcchter&#8220;<\/h3>\n\n\n\n<h5><strong>Wenn Sie gerne mal an einem Genetikseminar teilnehmen wollen, damit Sie \u201eWerkzeug\u201c f\u00fcr Ihr Hobby Katzenzucht bekommen, dann sind Sie bei Raymonde &amp; Sylvie richtig. Lesen Sie bitte weiter!<\/strong><br><strong>Die beiden werden zuk\u00fcnftig nur noch Seminare in Hamburg selber organisieren.&nbsp;Wenn man m\u00f6chte, dass Sie woanders ein Seminar geben, kann man sie buchen (private Gruppen oder am besten ein Katzenverein).&nbsp;Der n\u00e4chste Termin in Hamburg wird voraussichtlich im Fr\u00fchsommer 2026 stattfinden<\/strong>.&nbsp; S<strong>ie k\u00f6nnen sich schon per mail&nbsp;<\/strong><a rel=\"noreferrer noopener\" href=\"mailto:webmaster@rasse-katze.de\" target=\"_blank\"><strong>webmaster@rasse-katze.de<\/strong><\/a><strong>&nbsp;anmelden.<\/strong><\/h5>\n\n\n\n<figure class=\"wp-block-gallery aligncenter columns-2\"><ul class=\"blocks-gallery-grid\"><li class=\"blocks-gallery-item\"><figure><img loading=\"lazy\" width=\"135\" height=\"250\" src=\"http:\/\/von-der-gehlenbieke.com\/wp-content\/uploads\/2019\/09\/G1Ribbon-1.gif\" alt=\"\" data-id=\"773\" data-link=\"http:\/\/von-der-gehlenbieke.com\/?attachment_id=773\" class=\"wp-image-773\"\/><figcaption class=\"blocks-gallery-item__caption\"><strong>erfolgreich teilgenommen<\/strong><\/figcaption><\/figure><\/li><li class=\"blocks-gallery-item\"><figure><img loading=\"lazy\" width=\"135\" height=\"250\" src=\"http:\/\/von-der-gehlenbieke.com\/wp-content\/uploads\/2019\/09\/G2Ribbon-1.gif\" alt=\"\" data-id=\"774\" data-link=\"http:\/\/von-der-gehlenbieke.com\/?attachment_id=774\" class=\"wp-image-774\"\/><figcaption class=\"blocks-gallery-item__caption\"><strong>erfolgreich teilgenommen<\/strong><\/figcaption><\/figure><\/li><\/ul><figcaption class=\"blocks-gallery-caption\"><a href=\"http:\/\/www.skogkatt.it\/nforing\"><\/a> <br><a rel=\"noreferrer noopener\" href=\"http:\/\/pub46.bravenet.com\/sitering\/nav.php?usernum=3941275048&amp;action=join&amp;siteid=83880\" target=\"_blank\"><\/a><\/figcaption><\/figure>\n\n\n\n<table height=\"247\" width=\"300\" border=\"0\" cellpadding=\"3\" cellspacing=\"0\">\n                <tbody>\n                  <tr>\n                    <td colspan=\"2\">\n                      <p align=\"center\"><a href=\"http:\/\/www.skogkatt.it\/nforing\"><img loading=\"lazy\" src=\"http:\/\/von-der-gehlenbieke.com\/wp-content\/uploads\/2019\/09\/nforing.jpg\" alt=\"NFO site ring\" naturalsizeflag=\"0\" height=\"159\" align=\"bottom\" border=\"0\" width=\"269\"><\/a>\n                        <a href=\"http:\/\/pub46.bravenet.com\/sitering\/nav.php?usernum=3941275048&amp;action=next&amp;siteid=83880\"><img loading=\"lazy\" src=\"http:\/\/von-der-gehlenbieke.com\/wp-content\/uploads\/2019\/09\/nfonextring.jpg\" naturalsizeflag=\"3\" height=\"160\" align=\"bottom\" border=\"0\" width=\"106\"><\/a><\/p>\n                    <\/td>\n                  <\/tr>\n                  <tr>\n                    <td colspan=\"2\">\n                      <p align=\"center\">&nbsp;<b><font face=\"Arial,Helvetica\" size=\"-1\">The\n                            Norwegian Forest Cats SiteRing<\/font><\/b><font face=\"Arial,Helvetica\" size=\"-1\"><br>\n                      \n                          This site owned by<br>\n                          <a href=\"mailto:norweger@von-der-gehlenbieke.de\">Helga\n                            Volkening<br>\n                          <\/a><\/font><\/p>\n                    <\/td>\n                  <\/tr>\n                  <tr>\n                    <td colspan=\"2\" align=\"center\">\n                      <p align=\"center\"><a href=\"http:\/\/pub46.bravenet.com\/sitering\/nav.php?usernum=3941275048&amp;action=prev&amp;siteid=83880\" target=\"_blank\" rel=\"noopener noreferrer\"><img loading=\"lazy\" src=\"http:\/\/images.bravenet.com\/pub\/sitering\/prev.gif\" alt=\"Previous Site\" naturalsizeflag=\"0\" height=\"25\" align=\"bottom\" border=\"0\" width=\"69\"><\/a>\n                        <a href=\"http:\/\/pub46.bravenet.com\/sitering\/nav.php?usernum=3941275048&amp;action=list&amp;siteid=83880\" target=\"_blank\" rel=\"noopener noreferrer\"><img loading=\"lazy\" src=\"http:\/\/images.bravenet.com\/pub\/sitering\/list.gif\" alt=\"List Sites\" naturalsizeflag=\"0\" height=\"25\" align=\"bottom\" border=\"0\" width=\"69\"><\/a>\n                        <a href=\"http:\/\/pub46.bravenet.com\/sitering\/nav.php?usernum=3941275048&amp;action=random&amp;siteid=83880\" target=\"_blank\" rel=\"noopener noreferrer\"><img loading=\"lazy\" src=\"http:\/\/images.bravenet.com\/pub\/sitering\/random.gif\" alt=\"Random Site\" naturalsizeflag=\"0\" height=\"25\" align=\"bottom\" border=\"0\" width=\"69\"><\/a>\n                        <a href=\"http:\/\/pub46.bravenet.com\/sitering\/nav.php?usernum=3941275048&amp;action=join&amp;siteid=83880\" target=\"_blank\" rel=\"noopener noreferrer\"><img loading=\"lazy\" src=\"http:\/\/images.bravenet.com\/pub\/sitering\/join.gif\" alt=\"Join Ring\" naturalsizeflag=\"0\" height=\"25\" align=\"bottom\" border=\"0\" width=\"69\"><\/a>\n                      <\/p>\n                    <\/td>\n                  <\/tr>\n                <\/tbody>\n              <\/table>\n\n\n\n<p>Der Genetikkurs bei Raymonde Harland und Sylvie Groenveld ist f\u00fcr einen Zuchtanf\u00e4nger sehr zu empfehlen.&nbsp;<br>Ich habe diesen zweit\u00e4gigen Kurs mit vielen anderen Z\u00fcchtern der verschiedensten Rassen besucht!&nbsp;<br>Deshalb habe ich den den Link f\u00fcr alle Lernwilligen angeh\u00e4ngt, siehe Website:&nbsp;<a rel=\"noreferrer noopener\" href=\"https:\/\/deref-gmx.net\/mail\/client\/Pq2nAVRht0o\/dereferrer\/?redirectUrl=https%3A%2F%2Fderef-gmx.net%2Fmail%2Fclient%2FMv8wuErAm_I%2Fdereferrer%2F%3FredirectUrl%3Dhttp%253A%252F%252Fwww.genetikseminar.de%252F\" target=\"_blank\">www.genetikseminar.de<\/a><\/p>\n\n\n\n<h2>Weiterbildung f\u00fcr Z\u00fcchter!<\/h2>\n\n\n\n<p>F\u00fcr Neu- oder Altz\u00fcchter, Weiterbildung ist essentiell f\u00fcr die Katzenzucht und Katzengesundheit. Zum Gl\u00fcck entwickelt sich die Tiermedizin weiter, Forschung und Entwicklung schreiten stetig voran. Wir Z\u00fcchter leisten unseren Anteil, n\u00fctzliche Links finden Sie hier.<\/p>\n\n\n\n<p><a href=\"http:\/\/www.pawpeds.com\" data-type=\"URL\" data-id=\"www.pawpeds.com\" target=\"_blank\" rel=\"noreferrer noopener\">www.pawpeds.com<\/a>&nbsp;<\/p>\n\n\n\n<p><a href=\"http:\/\/www.vetline-akademie.de\" data-type=\"URL\" data-id=\"www.vetline-akademie.de\" target=\"_blank\" rel=\"noreferrer noopener\">www.vetline-akademie.de<\/a><\/p>\n\n\n\n<p><a href=\"http:\/\/www.laboklin.com\" data-type=\"URL\" data-id=\"www.laboklin.com\" target=\"_blank\" rel=\"noreferrer noopener\">www.laboklin.com<\/a><\/p>\n\n\n\n<p>Unter &#8222;<a href=\"http:\/\/von-der-gehlenbieke.com\/?page_id=786\" data-type=\"page\" data-id=\"786\">Links<\/a>&#8220; stehen die Katzenz\u00fcchter mit ihren Websites.<\/p>\n","protected":false},"excerpt":{"rendered":"<p>&#8222;Genetikseminar f\u00fcr Katzenz\u00fcchter&#8220; Wenn Sie gerne mal an einem Genetikseminar teilnehmen wollen, damit Sie \u201eWerkzeug\u201c f\u00fcr Ihr Hobby Katzenzucht bekommen,&hellip; <a class=\"read-more\" href=\"http:\/\/von-der-gehlenbieke.com\/?page_id=3046\">Continue Reading<\/a><\/p>\n","protected":false},"author":1,"featured_media":0,"parent":0,"menu_order":0,"comment_status":"closed","ping_status":"closed","template":"","meta":[],"_links":{"self":[{"href":"http:\/\/von-der-gehlenbieke.com\/index.php?rest_route=\/wp\/v2\/pages\/3046"}],"collection":[{"href":"http:\/\/von-der-gehlenbieke.com\/index.php?rest_route=\/wp\/v2\/pages"}],"about":[{"href":"http:\/\/von-der-gehlenbieke.com\/index.php?rest_route=\/wp\/v2\/types\/page"}],"author":[{"embeddable":true,"href":"http:\/\/von-der-gehlenbieke.com\/index.php?rest_route=\/wp\/v2\/users\/1"}],"replies":[{"embeddable":true,"href":"http:\/\/von-der-gehlenbieke.com\/index.php?rest_route=%2Fwp%2Fv2%2Fcomments&post=3046"}],"version-history":[{"count":5,"href":"http:\/\/von-der-gehlenbieke.com\/index.php?rest_route=\/wp\/v2\/pages\/3046\/revisions"}],"predecessor-version":[{"id":3056,"href":"http:\/\/von-der-gehlenbieke.com\/index.php?rest_route=\/wp\/v2\/pages\/3046\/revisions\/3056"}],"wp:attachment":[{"href":"http:\/\/von-der-gehlenbieke.com\/index.php?rest_route=%2Fwp%2Fv2%2Fmedia&parent=3046"}],"curies":[{"name":"wp","href":"https:\/\/api.w.org\/{rel}","templated":true}]}}